{"id":375,"date":"2021-06-03T15:20:24","date_gmt":"2021-06-03T13:20:24","guid":{"rendered":"https:\/\/strongexpo.com\/?page_id=375"},"modified":"2021-06-30T09:19:07","modified_gmt":"2021-06-30T07:19:07","slug":"vreta","status":"publish","type":"page","link":"https:\/\/strongexpo.com\/en\/vreta\/","title":{"rendered":"Vreta"},"content":{"rendered":"<div data-elementor-type=\"wp-page\" data-elementor-id=\"375\" class=\"elementor elementor-375\" data-elementor-post-type=\"page\">\n\t\t\t\t\t\t\t\t\t<section data-particle_enable=\"false\" data-particle-mobile-disabled=\"false\" class=\"elementor-section elementor-top-section elementor-element elementor-element-9c4dfd2 elementor-section-height-min-height elementor-section-items-stretch elementor-section-boxed elementor-section-height-default\" data-id=\"9c4dfd2\" data-element_type=\"section\">\n\t\t\t\t\t\t<div class=\"elementor-container elementor-column-gap-default\">\n\t\t\t\t\t<div class=\"elementor-column elementor-col-50 elementor-top-column elementor-element elementor-element-8b46a22\" data-id=\"8b46a22\" data-element_type=\"column\" data-settings=\"{&quot;background_background&quot;:&quot;classic&quot;}\">\n\t\t\t<div class=\"elementor-widget-wrap elementor-element-populated\">\n\t\t\t\t\t<div class=\"elementor-background-overlay\"><\/div>\n\t\t\t\t\t\t\t\t<div class=\"elementor-element elementor-element-9161363 elementor-widget elementor-widget-image\" data-id=\"9161363\" data-element_type=\"widget\" data-widget_type=\"image.default\">\n\t\t\t\t<div class=\"elementor-widget-container\">\n\t\t\t\t\t\t\t\t\t\t\t\t\t\t\t<img decoding=\"async\" width=\"800\" height=\"534\" src=\"https:\/\/strongexpo.com\/wp-content\/uploads\/2021\/06\/Vreta-Utbildningcenter-PLAN-1024x683.jpg\" class=\"attachment-large size-large wp-image-475\" alt=\"\" srcset=\"https:\/\/strongexpo.com\/wp-content\/uploads\/2021\/06\/Vreta-Utbildningcenter-PLAN-1024x683.jpg 1024w, https:\/\/strongexpo.com\/wp-content\/uploads\/2021\/06\/Vreta-Utbildningcenter-PLAN-300x200.jpg 300w, https:\/\/strongexpo.com\/wp-content\/uploads\/2021\/06\/Vreta-Utbildningcenter-PLAN-768x512.jpg 768w, https:\/\/strongexpo.com\/wp-content\/uploads\/2021\/06\/Vreta-Utbildningcenter-PLAN-1536x1024.jpg 1536w, https:\/\/strongexpo.com\/wp-content\/uploads\/2021\/06\/Vreta-Utbildningcenter-PLAN.jpg 1980w\" sizes=\"(max-width: 800px) 100vw, 800px\" \/>\t\t\t\t\t\t\t\t\t\t\t\t\t\t\t<\/div>\n\t\t\t\t<\/div>\n\t\t\t\t\t<\/div>\n\t\t<\/div>\n\t\t\t\t<div class=\"elementor-column elementor-col-50 elementor-top-column elementor-element elementor-element-b635fc9\" data-id=\"b635fc9\" data-element_type=\"column\">\n\t\t\t<div class=\"elementor-widget-wrap elementor-element-populated\">\n\t\t\t\t\t\t\t\t<div class=\"elementor-element elementor-element-25e93b4 elementor-widget elementor-widget-image\" data-id=\"25e93b4\" data-element_type=\"widget\" data-widget_type=\"image.default\">\n\t\t\t\t<div class=\"elementor-widget-container\">\n\t\t\t\t\t\t\t\t\t\t\t\t\t\t\t<img decoding=\"async\" width=\"800\" height=\"592\" src=\"https:\/\/strongexpo.com\/wp-content\/uploads\/2021\/05\/Vreta-1-Main-1024x758.jpg\" class=\"attachment-large size-large wp-image-57\" alt=\"\" srcset=\"https:\/\/strongexpo.com\/wp-content\/uploads\/2021\/05\/Vreta-1-Main-1024x758.jpg 1024w, https:\/\/strongexpo.com\/wp-content\/uploads\/2021\/05\/Vreta-1-Main-300x222.jpg 300w, https:\/\/strongexpo.com\/wp-content\/uploads\/2021\/05\/Vreta-1-Main-768x568.jpg 768w, https:\/\/strongexpo.com\/wp-content\/uploads\/2021\/05\/Vreta-1-Main-1536x1137.jpg 1536w, https:\/\/strongexpo.com\/wp-content\/uploads\/2021\/05\/Vreta-1-Main-2048x1516.jpg 2048w\" sizes=\"(max-width: 800px) 100vw, 800px\" \/>\t\t\t\t\t\t\t\t\t\t\t\t\t\t\t<\/div>\n\t\t\t\t<\/div>\n\t\t\t\t\t<\/div>\n\t\t<\/div>\n\t\t\t\t\t\t\t<\/div>\n\t\t<\/section>\n\t\t\t\t<section data-particle_enable=\"false\" data-particle-mobile-disabled=\"false\" class=\"elementor-section elementor-top-section elementor-element elementor-element-42a9018 elementor-section-boxed elementor-section-height-default elementor-section-height-default\" data-id=\"42a9018\" data-element_type=\"section\">\n\t\t\t\t\t\t<div class=\"elementor-container elementor-column-gap-default\">\n\t\t\t\t\t<div class=\"elementor-column elementor-col-25 elementor-top-column elementor-element elementor-element-c7b529e\" data-id=\"c7b529e\" data-element_type=\"column\">\n\t\t\t<div class=\"elementor-widget-wrap\">\n\t\t\t\t\t\t\t\t\t<\/div>\n\t\t<\/div>\n\t\t\t\t<div class=\"elementor-column elementor-col-25 elementor-top-column elementor-element elementor-element-3b40530\" data-id=\"3b40530\" data-element_type=\"column\">\n\t\t\t<div class=\"elementor-widget-wrap\">\n\t\t\t\t\t\t\t\t\t<\/div>\n\t\t<\/div>\n\t\t\t\t<div class=\"elementor-column elementor-col-25 elementor-top-column elementor-element elementor-element-c67a6f1\" data-id=\"c67a6f1\" data-element_type=\"column\">\n\t\t\t<div class=\"elementor-widget-wrap elementor-element-populated\">\n\t\t\t\t\t\t\t\t<div class=\"elementor-element elementor-element-9aedeb3 elementor-widget elementor-widget-image\" data-id=\"9aedeb3\" data-element_type=\"widget\" data-widget_type=\"image.default\">\n\t\t\t\t<div class=\"elementor-widget-container\">\n\t\t\t\t\t\t\t\t\t\t\t\t\t\t\t<img decoding=\"async\" width=\"800\" height=\"533\" src=\"https:\/\/strongexpo.com\/wp-content\/uploads\/2021\/06\/Vreta-1-Main_2.jpg\" class=\"attachment-large size-large wp-image-503\" alt=\"\" srcset=\"https:\/\/strongexpo.com\/wp-content\/uploads\/2021\/06\/Vreta-1-Main_2.jpg 967w, https:\/\/strongexpo.com\/wp-content\/uploads\/2021\/06\/Vreta-1-Main_2-300x200.jpg 300w, https:\/\/strongexpo.com\/wp-content\/uploads\/2021\/06\/Vreta-1-Main_2-768x511.jpg 768w\" sizes=\"(max-width: 800px) 100vw, 800px\" \/>\t\t\t\t\t\t\t\t\t\t\t\t\t\t\t<\/div>\n\t\t\t\t<\/div>\n\t\t\t\t\t<\/div>\n\t\t<\/div>\n\t\t\t\t<div class=\"elementor-column elementor-col-25 elementor-top-column elementor-element elementor-element-31cef55\" data-id=\"31cef55\" data-element_type=\"column\">\n\t\t\t<div class=\"elementor-widget-wrap elementor-element-populated\">\n\t\t\t\t\t\t\t\t<div class=\"elementor-element elementor-element-75b6e19 elementor-widget elementor-widget-image\" data-id=\"75b6e19\" data-element_type=\"widget\" data-widget_type=\"image.default\">\n\t\t\t\t<div class=\"elementor-widget-container\">\n\t\t\t\t\t\t\t\t\t\t\t\t\t\t\t<img decoding=\"async\" width=\"800\" height=\"533\" src=\"https:\/\/strongexpo.com\/wp-content\/uploads\/2021\/06\/Vreta-1-Main_3.jpg\" class=\"attachment-large size-large wp-image-502\" alt=\"\" srcset=\"https:\/\/strongexpo.com\/wp-content\/uploads\/2021\/06\/Vreta-1-Main_3.jpg 870w, https:\/\/strongexpo.com\/wp-content\/uploads\/2021\/06\/Vreta-1-Main_3-300x200.jpg 300w, https:\/\/strongexpo.com\/wp-content\/uploads\/2021\/06\/Vreta-1-Main_3-768x512.jpg 768w\" sizes=\"(max-width: 800px) 100vw, 800px\" \/>\t\t\t\t\t\t\t\t\t\t\t\t\t\t\t<\/div>\n\t\t\t\t<\/div>\n\t\t\t\t\t<\/div>\n\t\t<\/div>\n\t\t\t\t\t\t\t<\/div>\n\t\t<\/section>\n\t\t\t\t<section data-particle_enable=\"false\" data-particle-mobile-disabled=\"false\" class=\"elementor-section elementor-top-section elementor-element elementor-element-3fd72da elementor-section-boxed elementor-section-height-default elementor-section-height-default\" data-id=\"3fd72da\" data-element_type=\"section\">\n\t\t\t\t\t\t<div class=\"elementor-container elementor-column-gap-default\">\n\t\t\t\t\t<div class=\"elementor-column elementor-col-100 elementor-top-column elementor-element elementor-element-00b45a9\" data-id=\"00b45a9\" data-element_type=\"column\">\n\t\t\t<div class=\"elementor-widget-wrap elementor-element-populated\">\n\t\t\t\t\t\t\t\t<div class=\"elementor-element elementor-element-1e9a53d elementor-widget elementor-widget-heading\" data-id=\"1e9a53d\" data-element_type=\"widget\" data-widget_type=\"heading.default\">\n\t\t\t\t<div class=\"elementor-widget-container\">\n\t\t\t<h2 class=\"elementor-heading-title elementor-size-default\">Vreta<\/h2>\t\t<\/div>\n\t\t\t\t<\/div>\n\t\t\t\t<div class=\"elementor-element elementor-element-ee59c00 elementor-widget elementor-widget-text-editor\" data-id=\"ee59c00\" data-element_type=\"widget\" data-widget_type=\"text-editor.default\">\n\t\t\t\t<div class=\"elementor-widget-container\">\n\t\t\t\t\t\t\t<p><span style=\"font-weight: 400;\">Vreta &amp; Himmelstalund Utbildningscentrum had four fairs planned. All with different stand sizes and different conditions at the facilities where they were displayed. The design and production had to be a main stand that could be scaled down and turned into three different solutions. All to find the most cost-effective investment possible.<\/span><\/p>\t\t\t\t\t\t<\/div>\n\t\t\t\t<\/div>\n\t\t\t\t\t<\/div>\n\t\t<\/div>\n\t\t\t\t\t\t\t<\/div>\n\t\t<\/section>\n\t\t\t\t\t\t\t<\/div>","protected":false},"excerpt":{"rendered":"<p>Vreta Vreta &amp; Himmelstalund Utbildningscentrum hade fyra m\u00e4ssor inplanerade. Alla med olika monterstorlekar och olika f\u00f6ruts\u00e4ttningar p\u00e5 anl\u00e4ggningarna d\u00e4r de visades. Designen och produktionen fick bli en huvudmonter som gick att skala ner och g\u00f6ra om till tre olika l\u00f6sningar. Allt f\u00f6r att hitta en s\u00e5 kostnadseffektiv investering som m\u00f6jligt.<\/p>","protected":false},"author":1,"featured_media":0,"parent":0,"menu_order":0,"comment_status":"closed","ping_status":"closed","template":"","meta":{"_seopress_robots_primary_cat":"","footnotes":""},"Pagecategories":[],"class_list":["post-375","page","type-page","status-publish","hentry"],"_links":{"self":[{"href":"https:\/\/strongexpo.com\/en\/wp-json\/wp\/v2\/pages\/375","targetHints":{"allow":["GET"]}}],"collection":[{"href":"https:\/\/strongexpo.com\/en\/wp-json\/wp\/v2\/pages"}],"about":[{"href":"https:\/\/strongexpo.com\/en\/wp-json\/wp\/v2\/types\/page"}],"author":[{"embeddable":true,"href":"https:\/\/strongexpo.com\/en\/wp-json\/wp\/v2\/users\/1"}],"replies":[{"embeddable":true,"href":"https:\/\/strongexpo.com\/en\/wp-json\/wp\/v2\/comments?post=375"}],"version-history":[{"count":5,"href":"https:\/\/strongexpo.com\/en\/wp-json\/wp\/v2\/pages\/375\/revisions"}],"predecessor-version":[{"id":1010,"href":"https:\/\/strongexpo.com\/en\/wp-json\/wp\/v2\/pages\/375\/revisions\/1010"}],"wp:attachment":[{"href":"https:\/\/strongexpo.com\/en\/wp-json\/wp\/v2\/media?parent=375"}],"wp:term":[{"taxonomy":"Pagecategories","embeddable":true,"href":"https:\/\/strongexpo.com\/en\/wp-json\/wp\/v2\/Pagecategories?post=375"}],"curies":[{"name":"wp","href":"https:\/\/api.w.org\/{rel}","templated":true}]}}