{"id":357,"date":"2021-06-03T15:16:55","date_gmt":"2021-06-03T13:16:55","guid":{"rendered":"https:\/\/strongexpo.com\/?page_id=357"},"modified":"2021-07-05T15:21:10","modified_gmt":"2021-07-05T13:21:10","slug":"pars","status":"publish","type":"page","link":"https:\/\/strongexpo.com\/en\/pars\/","title":{"rendered":"PARS"},"content":{"rendered":"<div data-elementor-type=\"wp-page\" data-elementor-id=\"357\" class=\"elementor elementor-357\" data-elementor-post-type=\"page\">\n\t\t\t\t\t\t\t\t\t<section data-particle_enable=\"false\" data-particle-mobile-disabled=\"false\" class=\"elementor-section elementor-top-section elementor-element elementor-element-9c4dfd2 elementor-section-height-min-height elementor-section-items-stretch elementor-section-boxed elementor-section-height-default\" data-id=\"9c4dfd2\" data-element_type=\"section\">\n\t\t\t\t\t\t<div class=\"elementor-container elementor-column-gap-default\">\n\t\t\t\t\t<div class=\"elementor-column elementor-col-50 elementor-top-column elementor-element elementor-element-8b46a22\" data-id=\"8b46a22\" data-element_type=\"column\" data-settings=\"{&quot;background_background&quot;:&quot;classic&quot;}\">\n\t\t\t<div class=\"elementor-widget-wrap elementor-element-populated\">\n\t\t\t\t\t<div class=\"elementor-background-overlay\"><\/div>\n\t\t\t\t\t\t\t\t<div class=\"elementor-element elementor-element-2a8dde0 elementor-widget elementor-widget-image\" data-id=\"2a8dde0\" data-element_type=\"widget\" data-widget_type=\"image.default\">\n\t\t\t\t<div class=\"elementor-widget-container\">\n\t\t\t\t\t\t\t\t\t\t\t\t\t\t\t<img decoding=\"async\" width=\"800\" height=\"708\" src=\"https:\/\/strongexpo.com\/wp-content\/uploads\/2021\/06\/Pars-gruppen-PLAN-1024x906.jpg\" class=\"attachment-large size-large wp-image-467\" alt=\"\" srcset=\"https:\/\/strongexpo.com\/wp-content\/uploads\/2021\/06\/Pars-gruppen-PLAN-1024x906.jpg 1024w, https:\/\/strongexpo.com\/wp-content\/uploads\/2021\/06\/Pars-gruppen-PLAN-300x265.jpg 300w, https:\/\/strongexpo.com\/wp-content\/uploads\/2021\/06\/Pars-gruppen-PLAN-768x679.jpg 768w, https:\/\/strongexpo.com\/wp-content\/uploads\/2021\/06\/Pars-gruppen-PLAN-1536x1358.jpg 1536w, https:\/\/strongexpo.com\/wp-content\/uploads\/2021\/06\/Pars-gruppen-PLAN.jpg 1980w\" sizes=\"(max-width: 800px) 100vw, 800px\" \/>\t\t\t\t\t\t\t\t\t\t\t\t\t\t\t<\/div>\n\t\t\t\t<\/div>\n\t\t\t\t\t<\/div>\n\t\t<\/div>\n\t\t\t\t<div class=\"elementor-column elementor-col-50 elementor-top-column elementor-element elementor-element-b635fc9\" data-id=\"b635fc9\" data-element_type=\"column\">\n\t\t\t<div class=\"elementor-widget-wrap elementor-element-populated\">\n\t\t\t\t\t\t\t\t<div class=\"elementor-element elementor-element-25e93b4 elementor-widget elementor-widget-image\" data-id=\"25e93b4\" data-element_type=\"widget\" data-widget_type=\"image.default\">\n\t\t\t\t<div class=\"elementor-widget-container\">\n\t\t\t\t\t\t\t\t\t\t\t\t\t\t\t<img decoding=\"async\" width=\"800\" height=\"600\" src=\"https:\/\/strongexpo.com\/wp-content\/uploads\/2021\/05\/PARS-1-Main-1024x768.jpg\" class=\"attachment-large size-large wp-image-24\" alt=\"\" srcset=\"https:\/\/strongexpo.com\/wp-content\/uploads\/2021\/05\/PARS-1-Main-1024x768.jpg 1024w, https:\/\/strongexpo.com\/wp-content\/uploads\/2021\/05\/PARS-1-Main-300x225.jpg 300w, https:\/\/strongexpo.com\/wp-content\/uploads\/2021\/05\/PARS-1-Main-768x576.jpg 768w, https:\/\/strongexpo.com\/wp-content\/uploads\/2021\/05\/PARS-1-Main-1536x1152.jpg 1536w, https:\/\/strongexpo.com\/wp-content\/uploads\/2021\/05\/PARS-1-Main.jpg 2016w\" sizes=\"(max-width: 800px) 100vw, 800px\" \/>\t\t\t\t\t\t\t\t\t\t\t\t\t\t\t<\/div>\n\t\t\t\t<\/div>\n\t\t\t\t\t<\/div>\n\t\t<\/div>\n\t\t\t\t\t\t\t<\/div>\n\t\t<\/section>\n\t\t\t\t<section data-particle_enable=\"false\" data-particle-mobile-disabled=\"false\" class=\"elementor-section elementor-top-section elementor-element elementor-element-42a9018 elementor-section-boxed elementor-section-height-default elementor-section-height-default\" data-id=\"42a9018\" data-element_type=\"section\">\n\t\t\t\t\t\t<div class=\"elementor-container elementor-column-gap-default\">\n\t\t\t\t\t<div class=\"elementor-column elementor-col-25 elementor-top-column elementor-element elementor-element-c7b529e\" data-id=\"c7b529e\" data-element_type=\"column\">\n\t\t\t<div class=\"elementor-widget-wrap elementor-element-populated\">\n\t\t\t\t\t\t\t\t<div class=\"elementor-element elementor-element-8a5d7d7 elementor-widget elementor-widget-image\" data-id=\"8a5d7d7\" data-element_type=\"widget\" data-widget_type=\"image.default\">\n\t\t\t\t<div class=\"elementor-widget-container\">\n\t\t\t\t\t\t\t\t\t\t\t\t\t\t\t<img decoding=\"async\" width=\"800\" height=\"534\" src=\"https:\/\/strongexpo.com\/wp-content\/uploads\/2021\/06\/PARS-Nr4-1024x683.jpg\" class=\"attachment-large size-large wp-image-468\" alt=\"\" srcset=\"https:\/\/strongexpo.com\/wp-content\/uploads\/2021\/06\/PARS-Nr4-1024x683.jpg 1024w, https:\/\/strongexpo.com\/wp-content\/uploads\/2021\/06\/PARS-Nr4-300x200.jpg 300w, https:\/\/strongexpo.com\/wp-content\/uploads\/2021\/06\/PARS-Nr4-768x512.jpg 768w, https:\/\/strongexpo.com\/wp-content\/uploads\/2021\/06\/PARS-Nr4-1536x1025.jpg 1536w, https:\/\/strongexpo.com\/wp-content\/uploads\/2021\/06\/PARS-Nr4.jpg 1980w\" sizes=\"(max-width: 800px) 100vw, 800px\" \/>\t\t\t\t\t\t\t\t\t\t\t\t\t\t\t<\/div>\n\t\t\t\t<\/div>\n\t\t\t\t\t<\/div>\n\t\t<\/div>\n\t\t\t\t<div class=\"elementor-column elementor-col-25 elementor-top-column elementor-element elementor-element-3b40530\" data-id=\"3b40530\" data-element_type=\"column\">\n\t\t\t<div class=\"elementor-widget-wrap elementor-element-populated\">\n\t\t\t\t\t\t\t\t<div class=\"elementor-element elementor-element-6ec83b2 elementor-widget elementor-widget-image\" data-id=\"6ec83b2\" data-element_type=\"widget\" data-widget_type=\"image.default\">\n\t\t\t\t<div class=\"elementor-widget-container\">\n\t\t\t\t\t\t\t\t\t\t\t\t\t\t\t<img decoding=\"async\" width=\"800\" height=\"534\" src=\"https:\/\/strongexpo.com\/wp-content\/uploads\/2021\/06\/PARS-Nr5-1024x683.jpg\" class=\"attachment-large size-large wp-image-469\" alt=\"\" srcset=\"https:\/\/strongexpo.com\/wp-content\/uploads\/2021\/06\/PARS-Nr5-1024x683.jpg 1024w, https:\/\/strongexpo.com\/wp-content\/uploads\/2021\/06\/PARS-Nr5-300x200.jpg 300w, https:\/\/strongexpo.com\/wp-content\/uploads\/2021\/06\/PARS-Nr5-768x512.jpg 768w, https:\/\/strongexpo.com\/wp-content\/uploads\/2021\/06\/PARS-Nr5-1536x1024.jpg 1536w, https:\/\/strongexpo.com\/wp-content\/uploads\/2021\/06\/PARS-Nr5.jpg 1980w\" sizes=\"(max-width: 800px) 100vw, 800px\" \/>\t\t\t\t\t\t\t\t\t\t\t\t\t\t\t<\/div>\n\t\t\t\t<\/div>\n\t\t\t\t\t<\/div>\n\t\t<\/div>\n\t\t\t\t<div class=\"elementor-column elementor-col-25 elementor-top-column elementor-element elementor-element-c67a6f1\" data-id=\"c67a6f1\" data-element_type=\"column\">\n\t\t\t<div class=\"elementor-widget-wrap elementor-element-populated\">\n\t\t\t\t\t\t\t\t<div class=\"elementor-element elementor-element-fd145f8 elementor-widget elementor-widget-image\" data-id=\"fd145f8\" data-element_type=\"widget\" data-widget_type=\"image.default\">\n\t\t\t\t<div class=\"elementor-widget-container\">\n\t\t\t\t\t\t\t\t\t\t\t\t\t\t\t<img decoding=\"async\" width=\"800\" height=\"534\" src=\"https:\/\/strongexpo.com\/wp-content\/uploads\/2021\/06\/IMG_6940-1024x683.jpg\" class=\"attachment-large size-large wp-image-460\" alt=\"\" srcset=\"https:\/\/strongexpo.com\/wp-content\/uploads\/2021\/06\/IMG_6940-1024x683.jpg 1024w, https:\/\/strongexpo.com\/wp-content\/uploads\/2021\/06\/IMG_6940-300x200.jpg 300w, https:\/\/strongexpo.com\/wp-content\/uploads\/2021\/06\/IMG_6940-768x512.jpg 768w, https:\/\/strongexpo.com\/wp-content\/uploads\/2021\/06\/IMG_6940-1536x1024.jpg 1536w, https:\/\/strongexpo.com\/wp-content\/uploads\/2021\/06\/IMG_6940.jpg 1980w\" sizes=\"(max-width: 800px) 100vw, 800px\" \/>\t\t\t\t\t\t\t\t\t\t\t\t\t\t\t<\/div>\n\t\t\t\t<\/div>\n\t\t\t\t\t<\/div>\n\t\t<\/div>\n\t\t\t\t<div class=\"elementor-column elementor-col-25 elementor-top-column elementor-element elementor-element-31cef55\" data-id=\"31cef55\" data-element_type=\"column\">\n\t\t\t<div class=\"elementor-widget-wrap elementor-element-populated\">\n\t\t\t\t\t\t\t\t<div class=\"elementor-element elementor-element-78ba638 elementor-widget elementor-widget-image\" data-id=\"78ba638\" data-element_type=\"widget\" data-widget_type=\"image.default\">\n\t\t\t\t<div class=\"elementor-widget-container\">\n\t\t\t\t\t\t\t\t\t\t\t\t\t\t\t<img decoding=\"async\" width=\"800\" height=\"534\" src=\"https:\/\/strongexpo.com\/wp-content\/uploads\/2021\/06\/IMG_6939-1024x683.jpg\" class=\"attachment-large size-large wp-image-459\" alt=\"\" srcset=\"https:\/\/strongexpo.com\/wp-content\/uploads\/2021\/06\/IMG_6939-1024x683.jpg 1024w, https:\/\/strongexpo.com\/wp-content\/uploads\/2021\/06\/IMG_6939-300x200.jpg 300w, https:\/\/strongexpo.com\/wp-content\/uploads\/2021\/06\/IMG_6939-768x512.jpg 768w, https:\/\/strongexpo.com\/wp-content\/uploads\/2021\/06\/IMG_6939-1536x1024.jpg 1536w, https:\/\/strongexpo.com\/wp-content\/uploads\/2021\/06\/IMG_6939.jpg 1980w\" sizes=\"(max-width: 800px) 100vw, 800px\" \/>\t\t\t\t\t\t\t\t\t\t\t\t\t\t\t<\/div>\n\t\t\t\t<\/div>\n\t\t\t\t\t<\/div>\n\t\t<\/div>\n\t\t\t\t\t\t\t<\/div>\n\t\t<\/section>\n\t\t\t\t<section data-particle_enable=\"false\" data-particle-mobile-disabled=\"false\" class=\"elementor-section elementor-top-section elementor-element elementor-element-3fd72da elementor-section-boxed elementor-section-height-default elementor-section-height-default\" data-id=\"3fd72da\" data-element_type=\"section\">\n\t\t\t\t\t\t<div class=\"elementor-container elementor-column-gap-default\">\n\t\t\t\t\t<div class=\"elementor-column elementor-col-100 elementor-top-column elementor-element elementor-element-00b45a9\" data-id=\"00b45a9\" data-element_type=\"column\">\n\t\t\t<div class=\"elementor-widget-wrap elementor-element-populated\">\n\t\t\t\t\t\t\t\t<div class=\"elementor-element elementor-element-1e9a53d elementor-widget elementor-widget-heading\" data-id=\"1e9a53d\" data-element_type=\"widget\" data-widget_type=\"heading.default\">\n\t\t\t\t<div class=\"elementor-widget-container\">\n\t\t\t<h2 class=\"elementor-heading-title elementor-size-default\">Pars Gruppen - Subcontractor<\/h2>\t\t<\/div>\n\t\t\t\t<\/div>\n\t\t\t\t<div class=\"elementor-element elementor-element-ee59c00 elementor-widget elementor-widget-text-editor\" data-id=\"ee59c00\" data-element_type=\"widget\" data-widget_type=\"text-editor.default\">\n\t\t\t\t<div class=\"elementor-widget-container\">\n\t\t\t\t\t\t\t<p><span style=\"font-weight: 400;\">Pars Gruppen wanted a stand that clearly signaled the company's graphic profile and could be reused for several years. The solution was a stand with the base in their profile. There we chose light boxes and TV with moving picture, as the parts you can easily update over the years. The light boxes that are mounted on the wall here can also be used independently on other occasions.<\/span><\/p>\t\t\t\t\t\t<\/div>\n\t\t\t\t<\/div>\n\t\t\t\t\t<\/div>\n\t\t<\/div>\n\t\t\t\t\t\t\t<\/div>\n\t\t<\/section>\n\t\t\t\t\t\t\t<\/div>","protected":false},"excerpt":{"rendered":"<p>Pars Gruppen &#8211; Subcontractor Pars Gruppen ville ha en monter som tydligt signalerade f\u00f6retagets grafiska profil och gick att \u00e5teranv\u00e4nda flera \u00e5r. L\u00f6sningen blev en monter med basen i deras profil. D\u00e4r valde vi ljusl\u00e5dor samt tv med r\u00f6rlig bild, som de delar man kan uppdatera enkelt med \u00e5ren. Ljusl\u00e5dorna som h\u00e4r \u00e4r monterade p\u00e5 [&hellip;]<\/p>","protected":false},"author":1,"featured_media":0,"parent":0,"menu_order":0,"comment_status":"closed","ping_status":"closed","template":"","meta":{"_seopress_robots_primary_cat":"","footnotes":""},"Pagecategories":[],"class_list":["post-357","page","type-page","status-publish","hentry"],"_links":{"self":[{"href":"https:\/\/strongexpo.com\/en\/wp-json\/wp\/v2\/pages\/357","targetHints":{"allow":["GET"]}}],"collection":[{"href":"https:\/\/strongexpo.com\/en\/wp-json\/wp\/v2\/pages"}],"about":[{"href":"https:\/\/strongexpo.com\/en\/wp-json\/wp\/v2\/types\/page"}],"author":[{"embeddable":true,"href":"https:\/\/strongexpo.com\/en\/wp-json\/wp\/v2\/users\/1"}],"replies":[{"embeddable":true,"href":"https:\/\/strongexpo.com\/en\/wp-json\/wp\/v2\/comments?post=357"}],"version-history":[{"count":5,"href":"https:\/\/strongexpo.com\/en\/wp-json\/wp\/v2\/pages\/357\/revisions"}],"predecessor-version":[{"id":1066,"href":"https:\/\/strongexpo.com\/en\/wp-json\/wp\/v2\/pages\/357\/revisions\/1066"}],"wp:attachment":[{"href":"https:\/\/strongexpo.com\/en\/wp-json\/wp\/v2\/media?parent=357"}],"wp:term":[{"taxonomy":"Pagecategories","embeddable":true,"href":"https:\/\/strongexpo.com\/en\/wp-json\/wp\/v2\/Pagecategories?post=357"}],"curies":[{"name":"wp","href":"https:\/\/api.w.org\/{rel}","templated":true}]}}