{"id":351,"date":"2021-06-03T15:16:08","date_gmt":"2021-06-03T13:16:08","guid":{"rendered":"https:\/\/strongexpo.com\/?page_id=351"},"modified":"2021-06-30T09:13:44","modified_gmt":"2021-06-30T07:13:44","slug":"atlas-copco","status":"publish","type":"page","link":"https:\/\/strongexpo.com\/en\/atlas-copco\/","title":{"rendered":"Atlas Copco"},"content":{"rendered":"<div data-elementor-type=\"wp-page\" data-elementor-id=\"351\" class=\"elementor elementor-351\" data-elementor-post-type=\"page\">\n\t\t\t\t\t\t\t\t\t<section data-particle_enable=\"false\" data-particle-mobile-disabled=\"false\" class=\"elementor-section elementor-top-section elementor-element elementor-element-9c4dfd2 elementor-section-height-min-height elementor-section-items-stretch elementor-section-boxed elementor-section-height-default\" data-id=\"9c4dfd2\" data-element_type=\"section\">\n\t\t\t\t\t\t<div class=\"elementor-container elementor-column-gap-default\">\n\t\t\t\t\t<div class=\"elementor-column elementor-col-50 elementor-top-column elementor-element elementor-element-8b46a22\" data-id=\"8b46a22\" data-element_type=\"column\" data-settings=\"{&quot;background_background&quot;:&quot;classic&quot;}\">\n\t\t\t<div class=\"elementor-widget-wrap elementor-element-populated\">\n\t\t\t\t\t<div class=\"elementor-background-overlay\"><\/div>\n\t\t\t\t\t\t\t\t<section data-particle_enable=\"false\" data-particle-mobile-disabled=\"false\" class=\"elementor-section elementor-inner-section elementor-element elementor-element-c732865 elementor-section-boxed elementor-section-height-default elementor-section-height-default\" data-id=\"c732865\" data-element_type=\"section\">\n\t\t\t\t\t\t<div class=\"elementor-container elementor-column-gap-default\">\n\t\t\t\t\t<div class=\"elementor-column elementor-col-100 elementor-inner-column elementor-element elementor-element-fc63170\" data-id=\"fc63170\" data-element_type=\"column\">\n\t\t\t<div class=\"elementor-widget-wrap elementor-element-populated\">\n\t\t\t\t\t\t\t\t<div class=\"elementor-element elementor-element-e86394c elementor-widget elementor-widget-image\" data-id=\"e86394c\" data-element_type=\"widget\" data-widget_type=\"image.default\">\n\t\t\t\t<div class=\"elementor-widget-container\">\n\t\t\t\t\t\t\t\t\t\t\t\t\t\t\t<img decoding=\"async\" width=\"800\" height=\"534\" src=\"https:\/\/strongexpo.com\/wp-content\/uploads\/2021\/06\/Atlas-Copco-PLAN-1024x683.jpg\" class=\"attachment-large size-large wp-image-440\" alt=\"\" srcset=\"https:\/\/strongexpo.com\/wp-content\/uploads\/2021\/06\/Atlas-Copco-PLAN-1024x683.jpg 1024w, https:\/\/strongexpo.com\/wp-content\/uploads\/2021\/06\/Atlas-Copco-PLAN-300x200.jpg 300w, https:\/\/strongexpo.com\/wp-content\/uploads\/2021\/06\/Atlas-Copco-PLAN-768x512.jpg 768w, https:\/\/strongexpo.com\/wp-content\/uploads\/2021\/06\/Atlas-Copco-PLAN-1536x1024.jpg 1536w, https:\/\/strongexpo.com\/wp-content\/uploads\/2021\/06\/Atlas-Copco-PLAN.jpg 1980w\" sizes=\"(max-width: 800px) 100vw, 800px\" \/>\t\t\t\t\t\t\t\t\t\t\t\t\t\t\t<\/div>\n\t\t\t\t<\/div>\n\t\t\t\t\t<\/div>\n\t\t<\/div>\n\t\t\t\t\t\t\t<\/div>\n\t\t<\/section>\n\t\t\t\t<section data-particle_enable=\"false\" data-particle-mobile-disabled=\"false\" class=\"elementor-section elementor-inner-section elementor-element elementor-element-8daa9d3 elementor-section-boxed elementor-section-height-default elementor-section-height-default\" data-id=\"8daa9d3\" data-element_type=\"section\">\n\t\t\t\t\t\t<div class=\"elementor-container elementor-column-gap-default\">\n\t\t\t\t\t<div class=\"elementor-column elementor-col-50 elementor-inner-column elementor-element elementor-element-d3cacf0\" data-id=\"d3cacf0\" data-element_type=\"column\">\n\t\t\t<div class=\"elementor-widget-wrap elementor-element-populated\">\n\t\t\t\t\t\t\t\t<div class=\"elementor-element elementor-element-973c5db elementor-widget elementor-widget-image\" data-id=\"973c5db\" data-element_type=\"widget\" data-widget_type=\"image.default\">\n\t\t\t\t<div class=\"elementor-widget-container\">\n\t\t\t\t\t\t\t\t\t\t\t\t\t\t\t<img decoding=\"async\" width=\"800\" height=\"534\" src=\"https:\/\/strongexpo.com\/wp-content\/uploads\/2021\/06\/8-2183-Atlas-Copco-No1-1024x683.jpg\" class=\"attachment-large size-large wp-image-428\" alt=\"\" srcset=\"https:\/\/strongexpo.com\/wp-content\/uploads\/2021\/06\/8-2183-Atlas-Copco-No1-1024x683.jpg 1024w, https:\/\/strongexpo.com\/wp-content\/uploads\/2021\/06\/8-2183-Atlas-Copco-No1-300x200.jpg 300w, https:\/\/strongexpo.com\/wp-content\/uploads\/2021\/06\/8-2183-Atlas-Copco-No1-768x512.jpg 768w, https:\/\/strongexpo.com\/wp-content\/uploads\/2021\/06\/8-2183-Atlas-Copco-No1-1536x1024.jpg 1536w, https:\/\/strongexpo.com\/wp-content\/uploads\/2021\/06\/8-2183-Atlas-Copco-No1.jpg 1980w\" sizes=\"(max-width: 800px) 100vw, 800px\" \/>\t\t\t\t\t\t\t\t\t\t\t\t\t\t\t<\/div>\n\t\t\t\t<\/div>\n\t\t\t\t\t<\/div>\n\t\t<\/div>\n\t\t\t\t<div class=\"elementor-column elementor-col-50 elementor-inner-column elementor-element elementor-element-a362113\" data-id=\"a362113\" data-element_type=\"column\">\n\t\t\t<div class=\"elementor-widget-wrap elementor-element-populated\">\n\t\t\t\t\t\t\t\t<div class=\"elementor-element elementor-element-31a3132 elementor-widget elementor-widget-image\" data-id=\"31a3132\" data-element_type=\"widget\" data-widget_type=\"image.default\">\n\t\t\t\t<div class=\"elementor-widget-container\">\n\t\t\t\t\t\t\t\t\t\t\t\t\t\t\t<img decoding=\"async\" width=\"800\" height=\"534\" src=\"https:\/\/strongexpo.com\/wp-content\/uploads\/2021\/06\/8-2183-Atlas-Copco-No2-1024x683.jpg\" class=\"attachment-large size-large wp-image-429\" alt=\"\" srcset=\"https:\/\/strongexpo.com\/wp-content\/uploads\/2021\/06\/8-2183-Atlas-Copco-No2-1024x683.jpg 1024w, https:\/\/strongexpo.com\/wp-content\/uploads\/2021\/06\/8-2183-Atlas-Copco-No2-300x200.jpg 300w, https:\/\/strongexpo.com\/wp-content\/uploads\/2021\/06\/8-2183-Atlas-Copco-No2-768x512.jpg 768w, https:\/\/strongexpo.com\/wp-content\/uploads\/2021\/06\/8-2183-Atlas-Copco-No2-1536x1024.jpg 1536w, https:\/\/strongexpo.com\/wp-content\/uploads\/2021\/06\/8-2183-Atlas-Copco-No2.jpg 1980w\" sizes=\"(max-width: 800px) 100vw, 800px\" \/>\t\t\t\t\t\t\t\t\t\t\t\t\t\t\t<\/div>\n\t\t\t\t<\/div>\n\t\t\t\t\t<\/div>\n\t\t<\/div>\n\t\t\t\t\t\t\t<\/div>\n\t\t<\/section>\n\t\t\t\t\t<\/div>\n\t\t<\/div>\n\t\t\t\t<div class=\"elementor-column elementor-col-50 elementor-top-column elementor-element elementor-element-b635fc9\" data-id=\"b635fc9\" data-element_type=\"column\">\n\t\t\t<div class=\"elementor-widget-wrap elementor-element-populated\">\n\t\t\t\t\t\t\t\t<div class=\"elementor-element elementor-element-b2ae247 elementor-widget elementor-widget-image\" data-id=\"b2ae247\" data-element_type=\"widget\" data-widget_type=\"image.default\">\n\t\t\t\t<div class=\"elementor-widget-container\">\n\t\t\t\t\t\t\t\t\t\t\t\t\t\t\t<img decoding=\"async\" width=\"800\" height=\"738\" src=\"https:\/\/strongexpo.com\/wp-content\/uploads\/2021\/06\/Atlas-Copco-Main1-e1624284980245-1024x944.jpg\" class=\"attachment-large size-large wp-image-441\" alt=\"\" srcset=\"https:\/\/strongexpo.com\/wp-content\/uploads\/2021\/06\/Atlas-Copco-Main1-e1624284980245-1024x944.jpg 1024w, https:\/\/strongexpo.com\/wp-content\/uploads\/2021\/06\/Atlas-Copco-Main1-e1624284980245-300x277.jpg 300w, https:\/\/strongexpo.com\/wp-content\/uploads\/2021\/06\/Atlas-Copco-Main1-e1624284980245-768x708.jpg 768w, https:\/\/strongexpo.com\/wp-content\/uploads\/2021\/06\/Atlas-Copco-Main1-e1624284980245.jpg 1400w\" sizes=\"(max-width: 800px) 100vw, 800px\" \/>\t\t\t\t\t\t\t\t\t\t\t\t\t\t\t<\/div>\n\t\t\t\t<\/div>\n\t\t\t\t\t<\/div>\n\t\t<\/div>\n\t\t\t\t\t\t\t<\/div>\n\t\t<\/section>\n\t\t\t\t<section data-particle_enable=\"false\" data-particle-mobile-disabled=\"false\" class=\"elementor-section elementor-top-section elementor-element elementor-element-3fd72da elementor-section-boxed elementor-section-height-default elementor-section-height-default\" data-id=\"3fd72da\" data-element_type=\"section\">\n\t\t\t\t\t\t<div class=\"elementor-container elementor-column-gap-default\">\n\t\t\t\t\t<div class=\"elementor-column elementor-col-100 elementor-top-column elementor-element elementor-element-00b45a9\" data-id=\"00b45a9\" data-element_type=\"column\">\n\t\t\t<div class=\"elementor-widget-wrap elementor-element-populated\">\n\t\t\t\t\t\t\t\t<div class=\"elementor-element elementor-element-1e9a53d elementor-widget elementor-widget-heading\" data-id=\"1e9a53d\" data-element_type=\"widget\" data-widget_type=\"heading.default\">\n\t\t\t\t<div class=\"elementor-widget-container\">\n\t\t\t<h2 class=\"elementor-heading-title elementor-size-default\">Atlas Copco<\/h2>\t\t<\/div>\n\t\t\t\t<\/div>\n\t\t\t\t<div class=\"elementor-element elementor-element-ee59c00 elementor-widget elementor-widget-text-editor\" data-id=\"ee59c00\" data-element_type=\"widget\" data-widget_type=\"text-editor.default\">\n\t\t\t\t<div class=\"elementor-widget-container\">\n\t\t\t\t\t\t\t<p><span style=\"font-weight: 400;\">Atlas Copco Compressor, we have developed an assembly solution that can be adapted in various smaller sizes. All to suit different conditions at local fairs and retail activities. We also take care of the warehousing of the material and handle all logistics.<\/span><\/p>\t\t\t\t\t\t<\/div>\n\t\t\t\t<\/div>\n\t\t\t\t\t<\/div>\n\t\t<\/div>\n\t\t\t\t\t\t\t<\/div>\n\t\t<\/section>\n\t\t\t\t\t\t\t<\/div>","protected":false},"excerpt":{"rendered":"<p>Atlas Copco Atlas Copco Kompressor har vi tagit fram en monterl\u00f6sning till som g\u00e5r att anpassa i olika mindre storlekar. Allt f\u00f6r att passa olika f\u00f6ruts\u00e4ttningar p\u00e5 lokala m\u00e4ssor och \u00e5terf\u00f6rs\u00e4ljaraktiviteter. Vi ombes\u00f6rjer \u00e4ven lagerh\u00e5llningen av materialet och sk\u00f6ter all logistik.<\/p>","protected":false},"author":1,"featured_media":0,"parent":0,"menu_order":0,"comment_status":"closed","ping_status":"closed","template":"","meta":{"_seopress_robots_primary_cat":"","footnotes":""},"Pagecategories":[],"class_list":["post-351","page","type-page","status-publish","hentry"],"_links":{"self":[{"href":"https:\/\/strongexpo.com\/en\/wp-json\/wp\/v2\/pages\/351","targetHints":{"allow":["GET"]}}],"collection":[{"href":"https:\/\/strongexpo.com\/en\/wp-json\/wp\/v2\/pages"}],"about":[{"href":"https:\/\/strongexpo.com\/en\/wp-json\/wp\/v2\/types\/page"}],"author":[{"embeddable":true,"href":"https:\/\/strongexpo.com\/en\/wp-json\/wp\/v2\/users\/1"}],"replies":[{"embeddable":true,"href":"https:\/\/strongexpo.com\/en\/wp-json\/wp\/v2\/comments?post=351"}],"version-history":[{"count":5,"href":"https:\/\/strongexpo.com\/en\/wp-json\/wp\/v2\/pages\/351\/revisions"}],"predecessor-version":[{"id":942,"href":"https:\/\/strongexpo.com\/en\/wp-json\/wp\/v2\/pages\/351\/revisions\/942"}],"wp:attachment":[{"href":"https:\/\/strongexpo.com\/en\/wp-json\/wp\/v2\/media?parent=351"}],"wp:term":[{"taxonomy":"Pagecategories","embeddable":true,"href":"https:\/\/strongexpo.com\/en\/wp-json\/wp\/v2\/Pagecategories?post=351"}],"curies":[{"name":"wp","href":"https:\/\/api.w.org\/{rel}","templated":true}]}}