{"id":333,"date":"2021-06-03T15:12:50","date_gmt":"2021-06-03T13:12:50","guid":{"rendered":"https:\/\/strongexpo.com\/?page_id=333"},"modified":"2021-06-30T09:15:09","modified_gmt":"2021-06-30T07:15:09","slug":"fresenius-kabi","status":"publish","type":"page","link":"https:\/\/strongexpo.com\/en\/fresenius-kabi\/","title":{"rendered":"Fresenius Kabi"},"content":{"rendered":"<div data-elementor-type=\"wp-page\" data-elementor-id=\"333\" class=\"elementor elementor-333\" data-elementor-post-type=\"page\">\n\t\t\t\t\t\t\t\t\t<section data-particle_enable=\"false\" data-particle-mobile-disabled=\"false\" class=\"elementor-section elementor-top-section elementor-element elementor-element-9c4dfd2 elementor-section-height-min-height elementor-section-items-stretch elementor-section-boxed elementor-section-height-default\" data-id=\"9c4dfd2\" data-element_type=\"section\">\n\t\t\t\t\t\t<div class=\"elementor-container elementor-column-gap-default\">\n\t\t\t\t\t<div class=\"elementor-column elementor-col-50 elementor-top-column elementor-element elementor-element-8b46a22\" data-id=\"8b46a22\" data-element_type=\"column\" data-settings=\"{&quot;background_background&quot;:&quot;classic&quot;}\">\n\t\t\t<div class=\"elementor-widget-wrap elementor-element-populated\">\n\t\t\t\t\t<div class=\"elementor-background-overlay\"><\/div>\n\t\t\t\t\t\t\t\t<div class=\"elementor-element elementor-element-c410e18 elementor-widget elementor-widget-image\" data-id=\"c410e18\" data-element_type=\"widget\" data-widget_type=\"image.default\">\n\t\t\t\t<div class=\"elementor-widget-container\">\n\t\t\t\t\t\t\t\t\t\t\t\t\t\t\t<img decoding=\"async\" width=\"800\" height=\"938\" src=\"https:\/\/strongexpo.com\/wp-content\/uploads\/2021\/06\/Fresenius-Kabi-PLAN--e1624285545670-873x1024.jpg\" class=\"attachment-large size-large wp-image-445\" alt=\"\" srcset=\"https:\/\/strongexpo.com\/wp-content\/uploads\/2021\/06\/Fresenius-Kabi-PLAN--e1624285545670-873x1024.jpg 873w, https:\/\/strongexpo.com\/wp-content\/uploads\/2021\/06\/Fresenius-Kabi-PLAN--e1624285545670-256x300.jpg 256w, https:\/\/strongexpo.com\/wp-content\/uploads\/2021\/06\/Fresenius-Kabi-PLAN--e1624285545670-768x901.jpg 768w, https:\/\/strongexpo.com\/wp-content\/uploads\/2021\/06\/Fresenius-Kabi-PLAN--e1624285545670-1309x1536.jpg 1309w, https:\/\/strongexpo.com\/wp-content\/uploads\/2021\/06\/Fresenius-Kabi-PLAN--e1624285545670.jpg 1346w\" sizes=\"(max-width: 800px) 100vw, 800px\" \/>\t\t\t\t\t\t\t\t\t\t\t\t\t\t\t<\/div>\n\t\t\t\t<\/div>\n\t\t\t\t\t<\/div>\n\t\t<\/div>\n\t\t\t\t<div class=\"elementor-column elementor-col-50 elementor-top-column elementor-element elementor-element-b635fc9\" data-id=\"b635fc9\" data-element_type=\"column\">\n\t\t\t<div class=\"elementor-widget-wrap elementor-element-populated\">\n\t\t\t\t\t\t\t\t<div class=\"elementor-element elementor-element-25e93b4 elementor-widget elementor-widget-image\" data-id=\"25e93b4\" data-element_type=\"widget\" data-widget_type=\"image.default\">\n\t\t\t\t<div class=\"elementor-widget-container\">\n\t\t\t\t\t\t\t\t\t\t\t\t\t\t\t<img decoding=\"async\" width=\"640\" height=\"480\" src=\"https:\/\/strongexpo.com\/wp-content\/uploads\/2021\/05\/Fresenius-1-Main.jpg\" class=\"attachment-large size-large wp-image-30\" alt=\"\" srcset=\"https:\/\/strongexpo.com\/wp-content\/uploads\/2021\/05\/Fresenius-1-Main.jpg 640w, https:\/\/strongexpo.com\/wp-content\/uploads\/2021\/05\/Fresenius-1-Main-300x225.jpg 300w\" sizes=\"(max-width: 640px) 100vw, 640px\" \/>\t\t\t\t\t\t\t\t\t\t\t\t\t\t\t<\/div>\n\t\t\t\t<\/div>\n\t\t\t\t\t<\/div>\n\t\t<\/div>\n\t\t\t\t\t\t\t<\/div>\n\t\t<\/section>\n\t\t\t\t<section data-particle_enable=\"false\" data-particle-mobile-disabled=\"false\" class=\"elementor-section elementor-top-section elementor-element elementor-element-42a9018 elementor-section-boxed elementor-section-height-default elementor-section-height-default\" data-id=\"42a9018\" data-element_type=\"section\">\n\t\t\t\t\t\t<div class=\"elementor-container elementor-column-gap-default\">\n\t\t\t\t\t<div class=\"elementor-column elementor-col-25 elementor-top-column elementor-element elementor-element-c7b529e\" data-id=\"c7b529e\" data-element_type=\"column\">\n\t\t\t<div class=\"elementor-widget-wrap elementor-element-populated\">\n\t\t\t\t\t\t\t\t<div class=\"elementor-element elementor-element-c94ad3f elementor-widget elementor-widget-image\" data-id=\"c94ad3f\" data-element_type=\"widget\" data-widget_type=\"image.default\">\n\t\t\t\t<div class=\"elementor-widget-container\">\n\t\t\t\t\t\t\t\t\t\t\t\t\t\t\t<img decoding=\"async\" width=\"800\" height=\"534\" src=\"https:\/\/strongexpo.com\/wp-content\/uploads\/2021\/06\/8-2213-Fresenius-Kabi-Monter-No2-1024x684.jpg\" class=\"attachment-large size-large wp-image-437\" alt=\"\" srcset=\"https:\/\/strongexpo.com\/wp-content\/uploads\/2021\/06\/8-2213-Fresenius-Kabi-Monter-No2-1024x684.jpg 1024w, https:\/\/strongexpo.com\/wp-content\/uploads\/2021\/06\/8-2213-Fresenius-Kabi-Monter-No2-300x200.jpg 300w, https:\/\/strongexpo.com\/wp-content\/uploads\/2021\/06\/8-2213-Fresenius-Kabi-Monter-No2-768x513.jpg 768w, https:\/\/strongexpo.com\/wp-content\/uploads\/2021\/06\/8-2213-Fresenius-Kabi-Monter-No2-1536x1026.jpg 1536w, https:\/\/strongexpo.com\/wp-content\/uploads\/2021\/06\/8-2213-Fresenius-Kabi-Monter-No2.jpg 1980w\" sizes=\"(max-width: 800px) 100vw, 800px\" \/>\t\t\t\t\t\t\t\t\t\t\t\t\t\t\t<\/div>\n\t\t\t\t<\/div>\n\t\t\t\t\t<\/div>\n\t\t<\/div>\n\t\t\t\t<div class=\"elementor-column elementor-col-25 elementor-top-column elementor-element elementor-element-3b40530\" data-id=\"3b40530\" data-element_type=\"column\">\n\t\t\t<div class=\"elementor-widget-wrap elementor-element-populated\">\n\t\t\t\t\t\t\t\t<div class=\"elementor-element elementor-element-d29cfd0 elementor-widget elementor-widget-image\" data-id=\"d29cfd0\" data-element_type=\"widget\" data-widget_type=\"image.default\">\n\t\t\t\t<div class=\"elementor-widget-container\">\n\t\t\t\t\t\t\t\t\t\t\t\t\t\t\t<img decoding=\"async\" width=\"800\" height=\"534\" src=\"https:\/\/strongexpo.com\/wp-content\/uploads\/2021\/06\/8-2213-Fresenius-Kabi-Monter-No1-1024x683.jpg\" class=\"attachment-large size-large wp-image-436\" alt=\"\" srcset=\"https:\/\/strongexpo.com\/wp-content\/uploads\/2021\/06\/8-2213-Fresenius-Kabi-Monter-No1-1024x683.jpg 1024w, https:\/\/strongexpo.com\/wp-content\/uploads\/2021\/06\/8-2213-Fresenius-Kabi-Monter-No1-300x200.jpg 300w, https:\/\/strongexpo.com\/wp-content\/uploads\/2021\/06\/8-2213-Fresenius-Kabi-Monter-No1-768x512.jpg 768w, https:\/\/strongexpo.com\/wp-content\/uploads\/2021\/06\/8-2213-Fresenius-Kabi-Monter-No1-1536x1024.jpg 1536w, https:\/\/strongexpo.com\/wp-content\/uploads\/2021\/06\/8-2213-Fresenius-Kabi-Monter-No1.jpg 1980w\" sizes=\"(max-width: 800px) 100vw, 800px\" \/>\t\t\t\t\t\t\t\t\t\t\t\t\t\t\t<\/div>\n\t\t\t\t<\/div>\n\t\t\t\t\t<\/div>\n\t\t<\/div>\n\t\t\t\t<div class=\"elementor-column elementor-col-25 elementor-top-column elementor-element elementor-element-c67a6f1\" data-id=\"c67a6f1\" data-element_type=\"column\">\n\t\t\t<div class=\"elementor-widget-wrap elementor-element-populated\">\n\t\t\t\t\t\t\t\t<div class=\"elementor-element elementor-element-282f93d elementor-widget elementor-widget-image\" data-id=\"282f93d\" data-element_type=\"widget\" data-widget_type=\"image.default\">\n\t\t\t\t<div class=\"elementor-widget-container\">\n\t\t\t\t\t\t\t\t\t\t\t\t\t\t\t<img decoding=\"async\" width=\"800\" height=\"534\" src=\"https:\/\/strongexpo.com\/wp-content\/uploads\/2021\/06\/IMG_6726-e1624285675779-1024x683.jpg\" class=\"attachment-large size-large wp-image-457\" alt=\"\" srcset=\"https:\/\/strongexpo.com\/wp-content\/uploads\/2021\/06\/IMG_6726-e1624285675779-1024x683.jpg 1024w, https:\/\/strongexpo.com\/wp-content\/uploads\/2021\/06\/IMG_6726-e1624285675779-300x200.jpg 300w, https:\/\/strongexpo.com\/wp-content\/uploads\/2021\/06\/IMG_6726-e1624285675779-768x512.jpg 768w, https:\/\/strongexpo.com\/wp-content\/uploads\/2021\/06\/IMG_6726-e1624285675779.jpg 1470w\" sizes=\"(max-width: 800px) 100vw, 800px\" \/>\t\t\t\t\t\t\t\t\t\t\t\t\t\t\t<\/div>\n\t\t\t\t<\/div>\n\t\t\t\t\t<\/div>\n\t\t<\/div>\n\t\t\t\t<div class=\"elementor-column elementor-col-25 elementor-top-column elementor-element elementor-element-31cef55\" data-id=\"31cef55\" data-element_type=\"column\">\n\t\t\t<div class=\"elementor-widget-wrap elementor-element-populated\">\n\t\t\t\t\t\t\t\t<div class=\"elementor-element elementor-element-981366b elementor-widget elementor-widget-image\" data-id=\"981366b\" data-element_type=\"widget\" data-widget_type=\"image.default\">\n\t\t\t\t<div class=\"elementor-widget-container\">\n\t\t\t\t\t\t\t\t\t\t\t\t\t\t\t<img decoding=\"async\" width=\"800\" height=\"533\" src=\"https:\/\/strongexpo.com\/wp-content\/uploads\/2021\/06\/IMG_6728-1024x682.jpg\" class=\"attachment-large size-large wp-image-458\" alt=\"\" srcset=\"https:\/\/strongexpo.com\/wp-content\/uploads\/2021\/06\/IMG_6728-1024x682.jpg 1024w, https:\/\/strongexpo.com\/wp-content\/uploads\/2021\/06\/IMG_6728-300x200.jpg 300w, https:\/\/strongexpo.com\/wp-content\/uploads\/2021\/06\/IMG_6728-768x511.jpg 768w, https:\/\/strongexpo.com\/wp-content\/uploads\/2021\/06\/IMG_6728-1536x1022.jpg 1536w, https:\/\/strongexpo.com\/wp-content\/uploads\/2021\/06\/IMG_6728.jpg 1980w\" sizes=\"(max-width: 800px) 100vw, 800px\" \/>\t\t\t\t\t\t\t\t\t\t\t\t\t\t\t<\/div>\n\t\t\t\t<\/div>\n\t\t\t\t\t<\/div>\n\t\t<\/div>\n\t\t\t\t\t\t\t<\/div>\n\t\t<\/section>\n\t\t\t\t<section data-particle_enable=\"false\" data-particle-mobile-disabled=\"false\" class=\"elementor-section elementor-top-section elementor-element elementor-element-3fd72da elementor-section-boxed elementor-section-height-default elementor-section-height-default\" data-id=\"3fd72da\" data-element_type=\"section\">\n\t\t\t\t\t\t<div class=\"elementor-container elementor-column-gap-default\">\n\t\t\t\t\t<div class=\"elementor-column elementor-col-100 elementor-top-column elementor-element elementor-element-00b45a9\" data-id=\"00b45a9\" data-element_type=\"column\">\n\t\t\t<div class=\"elementor-widget-wrap elementor-element-populated\">\n\t\t\t\t\t\t\t\t<div class=\"elementor-element elementor-element-1e9a53d elementor-widget elementor-widget-heading\" data-id=\"1e9a53d\" data-element_type=\"widget\" data-widget_type=\"heading.default\">\n\t\t\t\t<div class=\"elementor-widget-container\">\n\t\t\t<h2 class=\"elementor-heading-title elementor-size-default\">Fresenius Kabi<\/h2>\t\t<\/div>\n\t\t\t\t<\/div>\n\t\t\t\t<div class=\"elementor-element elementor-element-ee59c00 elementor-widget elementor-widget-text-editor\" data-id=\"ee59c00\" data-element_type=\"widget\" data-widget_type=\"text-editor.default\">\n\t\t\t\t<div class=\"elementor-widget-container\">\n\t\t\t\t\t\t\t<p><span style=\"font-weight: 400;\">Fresenius Kabi, which is a global market-leading company in its field, chose to invest in its very own stand. An investment that can be reused and updated time after time. Everything packed in safe transport boxes. Where we handle both warehousing and logistics.<\/span><\/p>\t\t\t\t\t\t<\/div>\n\t\t\t\t<\/div>\n\t\t\t\t\t<\/div>\n\t\t<\/div>\n\t\t\t\t\t\t\t<\/div>\n\t\t<\/section>\n\t\t\t\t\t\t\t<\/div>","protected":false},"excerpt":{"rendered":"<p>Fresenius Kabi Fresenius Kabi som \u00e4r ett globalt marknadsledande f\u00f6retag inom sitt omr\u00e5de valde att investera i en helt egen monter. En investering som kan \u00e5teranv\u00e4ndas och uppdateras g\u00e5ng efter g\u00e5ng. Allt packat i s\u00e4kra transportl\u00e5dor. D\u00e4r vi sk\u00f6ter b\u00e5de lagerh\u00e5llning och logistik.<\/p>","protected":false},"author":1,"featured_media":0,"parent":0,"menu_order":0,"comment_status":"closed","ping_status":"closed","template":"","meta":{"_seopress_robots_primary_cat":"","footnotes":""},"Pagecategories":[],"class_list":["post-333","page","type-page","status-publish","hentry"],"_links":{"self":[{"href":"https:\/\/strongexpo.com\/en\/wp-json\/wp\/v2\/pages\/333","targetHints":{"allow":["GET"]}}],"collection":[{"href":"https:\/\/strongexpo.com\/en\/wp-json\/wp\/v2\/pages"}],"about":[{"href":"https:\/\/strongexpo.com\/en\/wp-json\/wp\/v2\/types\/page"}],"author":[{"embeddable":true,"href":"https:\/\/strongexpo.com\/en\/wp-json\/wp\/v2\/users\/1"}],"replies":[{"embeddable":true,"href":"https:\/\/strongexpo.com\/en\/wp-json\/wp\/v2\/comments?post=333"}],"version-history":[{"count":5,"href":"https:\/\/strongexpo.com\/en\/wp-json\/wp\/v2\/pages\/333\/revisions"}],"predecessor-version":[{"id":958,"href":"https:\/\/strongexpo.com\/en\/wp-json\/wp\/v2\/pages\/333\/revisions\/958"}],"wp:attachment":[{"href":"https:\/\/strongexpo.com\/en\/wp-json\/wp\/v2\/media?parent=333"}],"wp:term":[{"taxonomy":"Pagecategories","embeddable":true,"href":"https:\/\/strongexpo.com\/en\/wp-json\/wp\/v2\/Pagecategories?post=333"}],"curies":[{"name":"wp","href":"https:\/\/api.w.org\/{rel}","templated":true}]}}