{"id":320,"date":"2021-06-03T15:05:53","date_gmt":"2021-06-03T13:05:53","guid":{"rendered":"https:\/\/strongexpo.com\/?page_id=320"},"modified":"2021-07-05T15:20:55","modified_gmt":"2021-07-05T13:20:55","slug":"channable","status":"publish","type":"page","link":"https:\/\/strongexpo.com\/en\/channable\/","title":{"rendered":"Channable"},"content":{"rendered":"<div data-elementor-type=\"wp-page\" data-elementor-id=\"320\" class=\"elementor elementor-320\" data-elementor-post-type=\"page\">\n\t\t\t\t\t\t\t\t\t<section data-particle_enable=\"false\" data-particle-mobile-disabled=\"false\" class=\"elementor-section elementor-top-section elementor-element elementor-element-9c4dfd2 elementor-section-height-min-height elementor-section-items-stretch elementor-section-boxed elementor-section-height-default\" data-id=\"9c4dfd2\" data-element_type=\"section\">\n\t\t\t\t\t\t<div class=\"elementor-container elementor-column-gap-default\">\n\t\t\t\t\t<div class=\"elementor-column elementor-col-50 elementor-top-column elementor-element elementor-element-8b46a22\" data-id=\"8b46a22\" data-element_type=\"column\" data-settings=\"{&quot;background_background&quot;:&quot;classic&quot;}\">\n\t\t\t<div class=\"elementor-widget-wrap elementor-element-populated\">\n\t\t\t\t\t<div class=\"elementor-background-overlay\"><\/div>\n\t\t\t\t\t\t\t\t<section data-particle_enable=\"false\" data-particle-mobile-disabled=\"false\" class=\"elementor-section elementor-inner-section elementor-element elementor-element-213e23a elementor-section-boxed elementor-section-height-default elementor-section-height-default\" data-id=\"213e23a\" data-element_type=\"section\">\n\t\t\t\t\t\t<div class=\"elementor-container elementor-column-gap-default\">\n\t\t\t\t\t<div class=\"elementor-column elementor-col-100 elementor-inner-column elementor-element elementor-element-b46560c\" data-id=\"b46560c\" data-element_type=\"column\">\n\t\t\t<div class=\"elementor-widget-wrap elementor-element-populated\">\n\t\t\t\t\t\t\t\t<div class=\"elementor-element elementor-element-3f4da59 elementor-widget elementor-widget-image\" data-id=\"3f4da59\" data-element_type=\"widget\" data-widget_type=\"image.default\">\n\t\t\t\t<div class=\"elementor-widget-container\">\n\t\t\t\t\t\t\t\t\t\t\t\t\t\t\t<img decoding=\"async\" width=\"800\" height=\"628\" src=\"https:\/\/strongexpo.com\/wp-content\/uploads\/2021\/06\/CHANNABLE-PLAN-1024x804.jpg\" class=\"attachment-large size-large wp-image-934\" alt=\"\" srcset=\"https:\/\/strongexpo.com\/wp-content\/uploads\/2021\/06\/CHANNABLE-PLAN-1024x804.jpg 1024w, https:\/\/strongexpo.com\/wp-content\/uploads\/2021\/06\/CHANNABLE-PLAN-300x235.jpg 300w, https:\/\/strongexpo.com\/wp-content\/uploads\/2021\/06\/CHANNABLE-PLAN-768x603.jpg 768w, https:\/\/strongexpo.com\/wp-content\/uploads\/2021\/06\/CHANNABLE-PLAN-1536x1206.jpg 1536w, https:\/\/strongexpo.com\/wp-content\/uploads\/2021\/06\/CHANNABLE-PLAN-16x12.jpg 16w, https:\/\/strongexpo.com\/wp-content\/uploads\/2021\/06\/CHANNABLE-PLAN.jpg 1780w\" sizes=\"(max-width: 800px) 100vw, 800px\" \/>\t\t\t\t\t\t\t\t\t\t\t\t\t\t\t<\/div>\n\t\t\t\t<\/div>\n\t\t\t\t\t<\/div>\n\t\t<\/div>\n\t\t\t\t\t\t\t<\/div>\n\t\t<\/section>\n\t\t\t\t<section data-particle_enable=\"false\" data-particle-mobile-disabled=\"false\" class=\"elementor-section elementor-inner-section elementor-element elementor-element-cede83e elementor-section-boxed elementor-section-height-default elementor-section-height-default\" data-id=\"cede83e\" data-element_type=\"section\">\n\t\t\t\t\t\t<div class=\"elementor-container elementor-column-gap-default\">\n\t\t\t\t\t<div class=\"elementor-column elementor-col-50 elementor-inner-column elementor-element elementor-element-e92de4a\" data-id=\"e92de4a\" data-element_type=\"column\">\n\t\t\t<div class=\"elementor-widget-wrap elementor-element-populated\">\n\t\t\t\t\t\t\t\t<div class=\"elementor-element elementor-element-45fd12c elementor-widget elementor-widget-image\" data-id=\"45fd12c\" data-element_type=\"widget\" data-widget_type=\"image.default\">\n\t\t\t\t<div class=\"elementor-widget-container\">\n\t\t\t\t\t\t\t\t\t\t\t\t\t\t\t<img decoding=\"async\" width=\"800\" height=\"534\" src=\"https:\/\/strongexpo.com\/wp-content\/uploads\/2021\/05\/Channable-2-3D-e1624892497340-1024x683.jpg\" class=\"attachment-large size-large wp-image-31\" alt=\"\" srcset=\"https:\/\/strongexpo.com\/wp-content\/uploads\/2021\/05\/Channable-2-3D-e1624892497340-1024x683.jpg 1024w, https:\/\/strongexpo.com\/wp-content\/uploads\/2021\/05\/Channable-2-3D-e1624892497340-300x200.jpg 300w, https:\/\/strongexpo.com\/wp-content\/uploads\/2021\/05\/Channable-2-3D-e1624892497340-768x512.jpg 768w, https:\/\/strongexpo.com\/wp-content\/uploads\/2021\/05\/Channable-2-3D-e1624892497340.jpg 1074w\" sizes=\"(max-width: 800px) 100vw, 800px\" \/>\t\t\t\t\t\t\t\t\t\t\t\t\t\t\t<\/div>\n\t\t\t\t<\/div>\n\t\t\t\t\t<\/div>\n\t\t<\/div>\n\t\t\t\t<div class=\"elementor-column elementor-col-50 elementor-inner-column elementor-element elementor-element-7802ff5\" data-id=\"7802ff5\" data-element_type=\"column\">\n\t\t\t<div class=\"elementor-widget-wrap elementor-element-populated\">\n\t\t\t\t\t\t\t\t<div class=\"elementor-element elementor-element-4746f41 elementor-widget elementor-widget-image\" data-id=\"4746f41\" data-element_type=\"widget\" data-widget_type=\"image.default\">\n\t\t\t\t<div class=\"elementor-widget-container\">\n\t\t\t\t\t\t\t\t\t\t\t\t\t\t\t<img decoding=\"async\" width=\"800\" height=\"532\" src=\"https:\/\/strongexpo.com\/wp-content\/uploads\/2021\/05\/Channable-3-3D-e1624892536826-1024x681.jpg\" class=\"attachment-large size-large wp-image-23\" alt=\"\" srcset=\"https:\/\/strongexpo.com\/wp-content\/uploads\/2021\/05\/Channable-3-3D-e1624892536826-1024x681.jpg 1024w, https:\/\/strongexpo.com\/wp-content\/uploads\/2021\/05\/Channable-3-3D-e1624892536826-300x200.jpg 300w, https:\/\/strongexpo.com\/wp-content\/uploads\/2021\/05\/Channable-3-3D-e1624892536826-768x511.jpg 768w, https:\/\/strongexpo.com\/wp-content\/uploads\/2021\/05\/Channable-3-3D-e1624892536826.jpg 1288w\" sizes=\"(max-width: 800px) 100vw, 800px\" \/>\t\t\t\t\t\t\t\t\t\t\t\t\t\t\t<\/div>\n\t\t\t\t<\/div>\n\t\t\t\t\t<\/div>\n\t\t<\/div>\n\t\t\t\t\t\t\t<\/div>\n\t\t<\/section>\n\t\t\t\t\t<\/div>\n\t\t<\/div>\n\t\t\t\t<div class=\"elementor-column elementor-col-50 elementor-top-column elementor-element elementor-element-b635fc9\" data-id=\"b635fc9\" data-element_type=\"column\">\n\t\t\t<div class=\"elementor-widget-wrap elementor-element-populated\">\n\t\t\t\t\t\t\t\t<div class=\"elementor-element elementor-element-25e93b4 elementor-widget elementor-widget-image\" data-id=\"25e93b4\" data-element_type=\"widget\" data-widget_type=\"image.default\">\n\t\t\t\t<div class=\"elementor-widget-container\">\n\t\t\t\t\t\t\t\t\t\t\t\t\t\t\t<img decoding=\"async\" width=\"800\" height=\"829\" src=\"https:\/\/strongexpo.com\/wp-content\/uploads\/2021\/05\/Channable-1-Main-e1624447760840-988x1024.jpg\" class=\"attachment-large size-large wp-image-22\" alt=\"\" srcset=\"https:\/\/strongexpo.com\/wp-content\/uploads\/2021\/05\/Channable-1-Main-e1624447760840-988x1024.jpg 988w, https:\/\/strongexpo.com\/wp-content\/uploads\/2021\/05\/Channable-1-Main-e1624447760840-290x300.jpg 290w, https:\/\/strongexpo.com\/wp-content\/uploads\/2021\/05\/Channable-1-Main-e1624447760840-768x796.jpg 768w, https:\/\/strongexpo.com\/wp-content\/uploads\/2021\/05\/Channable-1-Main-e1624447760840.jpg 1385w\" sizes=\"(max-width: 800px) 100vw, 800px\" \/>\t\t\t\t\t\t\t\t\t\t\t\t\t\t\t<\/div>\n\t\t\t\t<\/div>\n\t\t\t\t\t<\/div>\n\t\t<\/div>\n\t\t\t\t\t\t\t<\/div>\n\t\t<\/section>\n\t\t\t\t<section data-particle_enable=\"false\" data-particle-mobile-disabled=\"false\" class=\"elementor-section elementor-top-section elementor-element elementor-element-3fd72da elementor-section-boxed elementor-section-height-default elementor-section-height-default\" data-id=\"3fd72da\" data-element_type=\"section\">\n\t\t\t\t\t\t<div class=\"elementor-container elementor-column-gap-default\">\n\t\t\t\t\t<div class=\"elementor-column elementor-col-100 elementor-top-column elementor-element elementor-element-00b45a9\" data-id=\"00b45a9\" data-element_type=\"column\">\n\t\t\t<div class=\"elementor-widget-wrap elementor-element-populated\">\n\t\t\t\t\t\t\t\t<div class=\"elementor-element elementor-element-1e9a53d elementor-widget elementor-widget-heading\" data-id=\"1e9a53d\" data-element_type=\"widget\" data-widget_type=\"heading.default\">\n\t\t\t\t<div class=\"elementor-widget-container\">\n\t\t\t<h2 class=\"elementor-heading-title elementor-size-default\">Channable - Retail Experience<\/h2>\t\t<\/div>\n\t\t\t\t<\/div>\n\t\t\t\t<div class=\"elementor-element elementor-element-ee59c00 elementor-widget elementor-widget-text-editor\" data-id=\"ee59c00\" data-element_type=\"widget\" data-widget_type=\"text-editor.default\">\n\t\t\t\t<div class=\"elementor-widget-container\">\n\t\t\t\t\t\t\t<p><span style=\"font-weight: 400;\">Prior to Retail Experience at Kistam\u00e4ssan, we helped our Dutch industry colleague build their customer's stand. That we help industry colleagues from Europe is something that is a matter of course in our international network.<\/span><\/p>\t\t\t\t\t\t<\/div>\n\t\t\t\t<\/div>\n\t\t\t\t\t<\/div>\n\t\t<\/div>\n\t\t\t\t\t\t\t<\/div>\n\t\t<\/section>\n\t\t\t\t\t\t\t<\/div>","protected":false},"excerpt":{"rendered":"<p>Channable &#8211; Retail Experience Inf\u00f6r Retail Experience p\u00e5 Kistam\u00e4ssan hj\u00e4lpte vi v\u00e5r nederl\u00e4ndska branschkollega att bygga deras kunds monter. Att vi hj\u00e4lper branschkollegor fr\u00e5n Europa \u00e4r n\u00e5got som \u00e4r\u00a0 som en sj\u00e4lvklarhet i v\u00e5rt internationella n\u00e4tverk.<\/p>","protected":false},"author":1,"featured_media":0,"parent":0,"menu_order":0,"comment_status":"closed","ping_status":"closed","template":"","meta":{"_seopress_robots_primary_cat":"","footnotes":""},"Pagecategories":[],"class_list":["post-320","page","type-page","status-publish","hentry"],"_links":{"self":[{"href":"https:\/\/strongexpo.com\/en\/wp-json\/wp\/v2\/pages\/320","targetHints":{"allow":["GET"]}}],"collection":[{"href":"https:\/\/strongexpo.com\/en\/wp-json\/wp\/v2\/pages"}],"about":[{"href":"https:\/\/strongexpo.com\/en\/wp-json\/wp\/v2\/types\/page"}],"author":[{"embeddable":true,"href":"https:\/\/strongexpo.com\/en\/wp-json\/wp\/v2\/users\/1"}],"replies":[{"embeddable":true,"href":"https:\/\/strongexpo.com\/en\/wp-json\/wp\/v2\/comments?post=320"}],"version-history":[{"count":5,"href":"https:\/\/strongexpo.com\/en\/wp-json\/wp\/v2\/pages\/320\/revisions"}],"predecessor-version":[{"id":1062,"href":"https:\/\/strongexpo.com\/en\/wp-json\/wp\/v2\/pages\/320\/revisions\/1062"}],"wp:attachment":[{"href":"https:\/\/strongexpo.com\/en\/wp-json\/wp\/v2\/media?parent=320"}],"wp:term":[{"taxonomy":"Pagecategories","embeddable":true,"href":"https:\/\/strongexpo.com\/en\/wp-json\/wp\/v2\/Pagecategories?post=320"}],"curies":[{"name":"wp","href":"https:\/\/api.w.org\/{rel}","templated":true}]}}