{"id":308,"date":"2021-06-03T14:58:50","date_gmt":"2021-06-03T12:58:50","guid":{"rendered":"https:\/\/strongexpo.com\/?page_id=308"},"modified":"2021-06-30T09:20:48","modified_gmt":"2021-06-30T07:20:48","slug":"audi","status":"publish","type":"page","link":"https:\/\/strongexpo.com\/en\/audi\/","title":{"rendered":"AUDI"},"content":{"rendered":"<div data-elementor-type=\"wp-page\" data-elementor-id=\"308\" class=\"elementor elementor-308\" data-elementor-post-type=\"page\">\n\t\t\t\t\t\t\t\t\t<section data-particle_enable=\"false\" data-particle-mobile-disabled=\"false\" class=\"elementor-section elementor-top-section elementor-element elementor-element-9c4dfd2 elementor-section-height-min-height elementor-section-items-stretch elementor-section-boxed elementor-section-height-default\" data-id=\"9c4dfd2\" data-element_type=\"section\">\n\t\t\t\t\t\t<div class=\"elementor-container elementor-column-gap-default\">\n\t\t\t\t\t<div class=\"elementor-column elementor-col-50 elementor-top-column elementor-element elementor-element-8b46a22\" data-id=\"8b46a22\" data-element_type=\"column\" data-settings=\"{&quot;background_background&quot;:&quot;classic&quot;}\">\n\t\t\t<div class=\"elementor-widget-wrap elementor-element-populated\">\n\t\t\t\t\t<div class=\"elementor-background-overlay\"><\/div>\n\t\t\t\t\t\t\t\t<div class=\"elementor-element elementor-element-e393238 elementor-widget elementor-widget-image\" data-id=\"e393238\" data-element_type=\"widget\" data-widget_type=\"image.default\">\n\t\t\t\t<div class=\"elementor-widget-container\">\n\t\t\t\t\t\t\t\t\t\t\t\t\t\t\t<img decoding=\"async\" width=\"800\" height=\"400\" src=\"https:\/\/strongexpo.com\/wp-content\/uploads\/2021\/05\/Audi-3-scaled-e1622725281199-1024x512.jpg\" class=\"attachment-large size-large wp-image-32\" alt=\"\" srcset=\"https:\/\/strongexpo.com\/wp-content\/uploads\/2021\/05\/Audi-3-scaled-e1622725281199-1024x512.jpg 1024w, https:\/\/strongexpo.com\/wp-content\/uploads\/2021\/05\/Audi-3-scaled-e1622725281199-300x150.jpg 300w, https:\/\/strongexpo.com\/wp-content\/uploads\/2021\/05\/Audi-3-scaled-e1622725281199-768x384.jpg 768w, https:\/\/strongexpo.com\/wp-content\/uploads\/2021\/05\/Audi-3-scaled-e1622725281199-1536x768.jpg 1536w, https:\/\/strongexpo.com\/wp-content\/uploads\/2021\/05\/Audi-3-scaled-e1622725281199-2048x1024.jpg 2048w\" sizes=\"(max-width: 800px) 100vw, 800px\" \/>\t\t\t\t\t\t\t\t\t\t\t\t\t\t\t<\/div>\n\t\t\t\t<\/div>\n\t\t\t\t\t<\/div>\n\t\t<\/div>\n\t\t\t\t<div class=\"elementor-column elementor-col-50 elementor-top-column elementor-element elementor-element-b635fc9\" data-id=\"b635fc9\" data-element_type=\"column\">\n\t\t\t<div class=\"elementor-widget-wrap elementor-element-populated\">\n\t\t\t\t\t\t\t\t<div class=\"elementor-element elementor-element-127b53e elementor-widget elementor-widget-image\" data-id=\"127b53e\" data-element_type=\"widget\" data-widget_type=\"image.default\">\n\t\t\t\t<div class=\"elementor-widget-container\">\n\t\t\t\t\t\t\t\t\t\t\t\t\t\t\t<img decoding=\"async\" width=\"800\" height=\"600\" src=\"https:\/\/strongexpo.com\/wp-content\/uploads\/2021\/05\/Audi-1-Main-1024x768.jpg\" class=\"attachment-large size-large wp-image-26\" alt=\"\" srcset=\"https:\/\/strongexpo.com\/wp-content\/uploads\/2021\/05\/Audi-1-Main-1024x768.jpg 1024w, https:\/\/strongexpo.com\/wp-content\/uploads\/2021\/05\/Audi-1-Main-300x225.jpg 300w, https:\/\/strongexpo.com\/wp-content\/uploads\/2021\/05\/Audi-1-Main-768x576.jpg 768w, https:\/\/strongexpo.com\/wp-content\/uploads\/2021\/05\/Audi-1-Main-1536x1152.jpg 1536w, https:\/\/strongexpo.com\/wp-content\/uploads\/2021\/05\/Audi-1-Main-2048x1536.jpg 2048w\" sizes=\"(max-width: 800px) 100vw, 800px\" \/>\t\t\t\t\t\t\t\t\t\t\t\t\t\t\t<\/div>\n\t\t\t\t<\/div>\n\t\t\t\t<div class=\"elementor-element elementor-element-564bea0 elementor-widget elementor-widget-image\" data-id=\"564bea0\" data-element_type=\"widget\" data-widget_type=\"image.default\">\n\t\t\t\t<div class=\"elementor-widget-container\">\n\t\t\t\t\t\t\t\t\t\t\t\t\t\t\t<img decoding=\"async\" width=\"800\" height=\"400\" src=\"https:\/\/strongexpo.com\/wp-content\/uploads\/2021\/05\/Audi-2-scaled-e1622725252575-1024x512.jpg\" class=\"attachment-large size-large wp-image-33\" alt=\"\" srcset=\"https:\/\/strongexpo.com\/wp-content\/uploads\/2021\/05\/Audi-2-scaled-e1622725252575-1024x512.jpg 1024w, https:\/\/strongexpo.com\/wp-content\/uploads\/2021\/05\/Audi-2-scaled-e1622725252575-300x150.jpg 300w, https:\/\/strongexpo.com\/wp-content\/uploads\/2021\/05\/Audi-2-scaled-e1622725252575-768x384.jpg 768w, https:\/\/strongexpo.com\/wp-content\/uploads\/2021\/05\/Audi-2-scaled-e1622725252575-1536x768.jpg 1536w, https:\/\/strongexpo.com\/wp-content\/uploads\/2021\/05\/Audi-2-scaled-e1622725252575-2048x1024.jpg 2048w\" sizes=\"(max-width: 800px) 100vw, 800px\" \/>\t\t\t\t\t\t\t\t\t\t\t\t\t\t\t<\/div>\n\t\t\t\t<\/div>\n\t\t\t\t\t<\/div>\n\t\t<\/div>\n\t\t\t\t\t\t\t<\/div>\n\t\t<\/section>\n\t\t\t\t<section data-particle_enable=\"false\" data-particle-mobile-disabled=\"false\" class=\"elementor-section elementor-top-section elementor-element elementor-element-3fd72da elementor-section-boxed elementor-section-height-default elementor-section-height-default\" data-id=\"3fd72da\" data-element_type=\"section\">\n\t\t\t\t\t\t<div class=\"elementor-container elementor-column-gap-default\">\n\t\t\t\t\t<div class=\"elementor-column elementor-col-100 elementor-top-column elementor-element elementor-element-00b45a9\" data-id=\"00b45a9\" data-element_type=\"column\">\n\t\t\t<div class=\"elementor-widget-wrap elementor-element-populated\">\n\t\t\t\t\t\t\t\t<div class=\"elementor-element elementor-element-1e9a53d elementor-widget elementor-widget-heading\" data-id=\"1e9a53d\" data-element_type=\"widget\" data-widget_type=\"heading.default\">\n\t\t\t\t<div class=\"elementor-widget-container\">\n\t\t\t<h2 class=\"elementor-heading-title elementor-size-default\">AUDI \u2013 Stockholm Open<\/h2>\t\t<\/div>\n\t\t\t\t<\/div>\n\t\t\t\t<div class=\"elementor-element elementor-element-ee59c00 elementor-widget elementor-widget-text-editor\" data-id=\"ee59c00\" data-element_type=\"widget\" data-widget_type=\"text-editor.default\">\n\t\t\t\t<div class=\"elementor-widget-container\">\n\t\t\t\t\t\t\t<p><span style=\"font-weight: 400;\">The world's oldest ATP indoor tournament, over 50 years of history and an event in world class. Stockholm Open is held in the Royal Tennis Hall in Stockholm.<\/span><\/p><p><span style=\"font-weight: 400;\">We had the honor for Audi to design and build their participation as a partner, which required a lot of innovation as the historic facility is K-marked. We, but perhaps above all Audi were very pleased with the end result.<\/span><\/p>\t\t\t\t\t\t<\/div>\n\t\t\t\t<\/div>\n\t\t\t\t\t<\/div>\n\t\t<\/div>\n\t\t\t\t\t\t\t<\/div>\n\t\t<\/section>\n\t\t\t\t\t\t\t<\/div>","protected":false},"excerpt":{"rendered":"<p>AUDI \u2013 Stockholm Open V\u00e4rldens \u00e4ldsta ATP-inomhusturnering, \u00f6ver 50 \u00e5r med historia och ett evenemang i v\u00e4rldsklass. Stockholm Open arrangeras i Kungliga Tennishallen i Stockholm. Vi fick \u00e4ran att f\u00f6r Audi designa och bygga deras deltagande som partner, vilket kr\u00e4vde en hel del nyt\u00e4nkande d\u00e5 den anrika anl\u00e4ggningen \u00e4r K-m\u00e4rkt. Vi, men kanske framf\u00f6r allt [&hellip;]<\/p>","protected":false},"author":1,"featured_media":0,"parent":0,"menu_order":0,"comment_status":"closed","ping_status":"closed","template":"","meta":{"_seopress_robots_primary_cat":"","footnotes":""},"Pagecategories":[],"class_list":["post-308","page","type-page","status-publish","hentry"],"_links":{"self":[{"href":"https:\/\/strongexpo.com\/en\/wp-json\/wp\/v2\/pages\/308","targetHints":{"allow":["GET"]}}],"collection":[{"href":"https:\/\/strongexpo.com\/en\/wp-json\/wp\/v2\/pages"}],"about":[{"href":"https:\/\/strongexpo.com\/en\/wp-json\/wp\/v2\/types\/page"}],"author":[{"embeddable":true,"href":"https:\/\/strongexpo.com\/en\/wp-json\/wp\/v2\/users\/1"}],"replies":[{"embeddable":true,"href":"https:\/\/strongexpo.com\/en\/wp-json\/wp\/v2\/comments?post=308"}],"version-history":[{"count":5,"href":"https:\/\/strongexpo.com\/en\/wp-json\/wp\/v2\/pages\/308\/revisions"}],"predecessor-version":[{"id":1021,"href":"https:\/\/strongexpo.com\/en\/wp-json\/wp\/v2\/pages\/308\/revisions\/1021"}],"wp:attachment":[{"href":"https:\/\/strongexpo.com\/en\/wp-json\/wp\/v2\/media?parent=308"}],"wp:term":[{"taxonomy":"Pagecategories","embeddable":true,"href":"https:\/\/strongexpo.com\/en\/wp-json\/wp\/v2\/Pagecategories?post=308"}],"curies":[{"name":"wp","href":"https:\/\/api.w.org\/{rel}","templated":true}]}}