{"id":295,"date":"2021-06-03T14:47:44","date_gmt":"2021-06-03T12:47:44","guid":{"rendered":"https:\/\/strongexpo.com\/?page_id=295"},"modified":"2021-06-30T09:22:01","modified_gmt":"2021-06-30T07:22:01","slug":"naco","status":"publish","type":"page","link":"https:\/\/strongexpo.com\/en\/naco\/","title":{"rendered":"NACO"},"content":{"rendered":"<div data-elementor-type=\"wp-page\" data-elementor-id=\"295\" class=\"elementor elementor-295\" data-elementor-post-type=\"page\">\n\t\t\t\t\t\t\t\t\t<section data-particle_enable=\"false\" data-particle-mobile-disabled=\"false\" class=\"elementor-section elementor-top-section elementor-element elementor-element-9c4dfd2 elementor-section-height-min-height elementor-section-items-stretch elementor-section-boxed elementor-section-height-default\" data-id=\"9c4dfd2\" data-element_type=\"section\">\n\t\t\t\t\t\t<div class=\"elementor-container elementor-column-gap-default\">\n\t\t\t\t\t<div class=\"elementor-column elementor-col-50 elementor-top-column elementor-element elementor-element-8b46a22\" data-id=\"8b46a22\" data-element_type=\"column\" data-settings=\"{&quot;background_background&quot;:&quot;classic&quot;}\">\n\t\t\t<div class=\"elementor-widget-wrap elementor-element-populated\">\n\t\t\t\t\t<div class=\"elementor-background-overlay\"><\/div>\n\t\t\t\t\t\t\t\t<section data-particle_enable=\"false\" data-particle-mobile-disabled=\"false\" class=\"elementor-section elementor-inner-section elementor-element elementor-element-ca2ed66 elementor-section-boxed elementor-section-height-default elementor-section-height-default\" data-id=\"ca2ed66\" data-element_type=\"section\">\n\t\t\t\t\t\t<div class=\"elementor-container elementor-column-gap-default\">\n\t\t\t\t\t<div class=\"elementor-column elementor-col-100 elementor-inner-column elementor-element elementor-element-1f4fd87\" data-id=\"1f4fd87\" data-element_type=\"column\">\n\t\t\t<div class=\"elementor-widget-wrap elementor-element-populated\">\n\t\t\t\t\t\t\t\t<div class=\"elementor-element elementor-element-3ee5d0d elementor-widget elementor-widget-image\" data-id=\"3ee5d0d\" data-element_type=\"widget\" data-widget_type=\"image.default\">\n\t\t\t\t<div class=\"elementor-widget-container\">\n\t\t\t\t\t\t\t\t\t\t\t\t\t\t\t<img decoding=\"async\" width=\"800\" height=\"534\" src=\"https:\/\/strongexpo.com\/wp-content\/uploads\/2021\/06\/NACO-PLAN-1024x683.jpg\" class=\"attachment-large size-large wp-image-466\" alt=\"\" srcset=\"https:\/\/strongexpo.com\/wp-content\/uploads\/2021\/06\/NACO-PLAN-1024x683.jpg 1024w, https:\/\/strongexpo.com\/wp-content\/uploads\/2021\/06\/NACO-PLAN-300x200.jpg 300w, https:\/\/strongexpo.com\/wp-content\/uploads\/2021\/06\/NACO-PLAN-768x512.jpg 768w, https:\/\/strongexpo.com\/wp-content\/uploads\/2021\/06\/NACO-PLAN-1536x1024.jpg 1536w, https:\/\/strongexpo.com\/wp-content\/uploads\/2021\/06\/NACO-PLAN.jpg 1980w\" sizes=\"(max-width: 800px) 100vw, 800px\" \/>\t\t\t\t\t\t\t\t\t\t\t\t\t\t\t<\/div>\n\t\t\t\t<\/div>\n\t\t\t\t\t<\/div>\n\t\t<\/div>\n\t\t\t\t\t\t\t<\/div>\n\t\t<\/section>\n\t\t\t\t<section data-particle_enable=\"false\" data-particle-mobile-disabled=\"false\" class=\"elementor-section elementor-inner-section elementor-element elementor-element-cede83e elementor-section-boxed elementor-section-height-default elementor-section-height-default\" data-id=\"cede83e\" data-element_type=\"section\">\n\t\t\t\t\t\t<div class=\"elementor-container elementor-column-gap-default\">\n\t\t\t\t\t<div class=\"elementor-column elementor-col-50 elementor-inner-column elementor-element elementor-element-e92de4a\" data-id=\"e92de4a\" data-element_type=\"column\">\n\t\t\t<div class=\"elementor-widget-wrap elementor-element-populated\">\n\t\t\t\t\t\t\t\t<div class=\"elementor-element elementor-element-45fd12c elementor-widget elementor-widget-image\" data-id=\"45fd12c\" data-element_type=\"widget\" data-widget_type=\"image.default\">\n\t\t\t\t<div class=\"elementor-widget-container\">\n\t\t\t\t\t\t\t\t\t\t\t\t\t\t\t<img decoding=\"async\" width=\"800\" height=\"533\" src=\"https:\/\/strongexpo.com\/wp-content\/uploads\/2021\/05\/NACO-3-e1624892809825-1024x682.jpg\" class=\"attachment-large size-large wp-image-34\" alt=\"\" srcset=\"https:\/\/strongexpo.com\/wp-content\/uploads\/2021\/05\/NACO-3-e1624892809825-1024x682.jpg 1024w, https:\/\/strongexpo.com\/wp-content\/uploads\/2021\/05\/NACO-3-e1624892809825-300x200.jpg 300w, https:\/\/strongexpo.com\/wp-content\/uploads\/2021\/05\/NACO-3-e1624892809825-768x512.jpg 768w, https:\/\/strongexpo.com\/wp-content\/uploads\/2021\/05\/NACO-3-e1624892809825-1536x1024.jpg 1536w, https:\/\/strongexpo.com\/wp-content\/uploads\/2021\/05\/NACO-3-e1624892809825.jpg 1871w\" sizes=\"(max-width: 800px) 100vw, 800px\" \/>\t\t\t\t\t\t\t\t\t\t\t\t\t\t\t<\/div>\n\t\t\t\t<\/div>\n\t\t\t\t\t<\/div>\n\t\t<\/div>\n\t\t\t\t<div class=\"elementor-column elementor-col-50 elementor-inner-column elementor-element elementor-element-7802ff5\" data-id=\"7802ff5\" data-element_type=\"column\">\n\t\t\t<div class=\"elementor-widget-wrap elementor-element-populated\">\n\t\t\t\t\t\t\t\t<div class=\"elementor-element elementor-element-4746f41 elementor-widget elementor-widget-image\" data-id=\"4746f41\" data-element_type=\"widget\" data-widget_type=\"image.default\">\n\t\t\t\t<div class=\"elementor-widget-container\">\n\t\t\t\t\t\t\t\t\t\t\t\t\t\t\t<img decoding=\"async\" width=\"800\" height=\"534\" src=\"https:\/\/strongexpo.com\/wp-content\/uploads\/2021\/05\/NACO-2-e1624892848377-1024x684.jpg\" class=\"attachment-large size-large wp-image-36\" alt=\"\" srcset=\"https:\/\/strongexpo.com\/wp-content\/uploads\/2021\/05\/NACO-2-e1624892848377-1024x684.jpg 1024w, https:\/\/strongexpo.com\/wp-content\/uploads\/2021\/05\/NACO-2-e1624892848377-300x200.jpg 300w, https:\/\/strongexpo.com\/wp-content\/uploads\/2021\/05\/NACO-2-e1624892848377-768x513.jpg 768w, https:\/\/strongexpo.com\/wp-content\/uploads\/2021\/05\/NACO-2-e1624892848377.jpg 1224w\" sizes=\"(max-width: 800px) 100vw, 800px\" \/>\t\t\t\t\t\t\t\t\t\t\t\t\t\t\t<\/div>\n\t\t\t\t<\/div>\n\t\t\t\t\t<\/div>\n\t\t<\/div>\n\t\t\t\t\t\t\t<\/div>\n\t\t<\/section>\n\t\t\t\t\t<\/div>\n\t\t<\/div>\n\t\t\t\t<div class=\"elementor-column elementor-col-50 elementor-top-column elementor-element elementor-element-b635fc9\" data-id=\"b635fc9\" data-element_type=\"column\">\n\t\t\t<div class=\"elementor-widget-wrap elementor-element-populated\">\n\t\t\t\t\t\t\t\t<div class=\"elementor-element elementor-element-25e93b4 elementor-widget elementor-widget-image\" data-id=\"25e93b4\" data-element_type=\"widget\" data-widget_type=\"image.default\">\n\t\t\t\t<div class=\"elementor-widget-container\">\n\t\t\t\t\t\t\t\t\t\t\t\t\t\t\t<img decoding=\"async\" width=\"800\" height=\"814\" src=\"https:\/\/strongexpo.com\/wp-content\/uploads\/2021\/05\/NACO-1-Main-e1624447643310-1007x1024.jpg\" class=\"attachment-large size-large wp-image-21\" alt=\"\" srcset=\"https:\/\/strongexpo.com\/wp-content\/uploads\/2021\/05\/NACO-1-Main-e1624447643310-1007x1024.jpg 1007w, https:\/\/strongexpo.com\/wp-content\/uploads\/2021\/05\/NACO-1-Main-e1624447643310-295x300.jpg 295w, https:\/\/strongexpo.com\/wp-content\/uploads\/2021\/05\/NACO-1-Main-e1624447643310-768x781.jpg 768w, https:\/\/strongexpo.com\/wp-content\/uploads\/2021\/05\/NACO-1-Main-e1624447643310.jpg 1219w\" sizes=\"(max-width: 800px) 100vw, 800px\" \/>\t\t\t\t\t\t\t\t\t\t\t\t\t\t\t<\/div>\n\t\t\t\t<\/div>\n\t\t\t\t\t<\/div>\n\t\t<\/div>\n\t\t\t\t\t\t\t<\/div>\n\t\t<\/section>\n\t\t\t\t<section data-particle_enable=\"false\" data-particle-mobile-disabled=\"false\" class=\"elementor-section elementor-top-section elementor-element elementor-element-3fd72da elementor-section-boxed elementor-section-height-default elementor-section-height-default\" data-id=\"3fd72da\" data-element_type=\"section\">\n\t\t\t\t\t\t<div class=\"elementor-container elementor-column-gap-default\">\n\t\t\t\t\t<div class=\"elementor-column elementor-col-100 elementor-top-column elementor-element elementor-element-00b45a9\" data-id=\"00b45a9\" data-element_type=\"column\">\n\t\t\t<div class=\"elementor-widget-wrap elementor-element-populated\">\n\t\t\t\t\t\t\t\t<div class=\"elementor-element elementor-element-1e9a53d elementor-widget elementor-widget-heading\" data-id=\"1e9a53d\" data-element_type=\"widget\" data-widget_type=\"heading.default\">\n\t\t\t\t<div class=\"elementor-widget-container\">\n\t\t\t<h2 class=\"elementor-heading-title elementor-size-default\">NACO \u2013 Passenger & Terminal<\/h2>\t\t<\/div>\n\t\t\t\t<\/div>\n\t\t\t\t<div class=\"elementor-element elementor-element-ee59c00 elementor-widget elementor-widget-text-editor\" data-id=\"ee59c00\" data-element_type=\"widget\" data-widget_type=\"text-editor.default\">\n\t\t\t\t<div class=\"elementor-widget-container\">\n\t\t\t\t\t\t\t<p><span style=\"font-weight: 400;\">Through our international network of contacts, we delivered Naco stands at Passanger &amp; Terminal. In order for the customer to have great visibility even in the distance, we chose to work at height as well. An exposure that could be seen in the distance in the exhibition hall.<\/span><\/p>\t\t\t\t\t\t<\/div>\n\t\t\t\t<\/div>\n\t\t\t\t\t<\/div>\n\t\t<\/div>\n\t\t\t\t\t\t\t<\/div>\n\t\t<\/section>\n\t\t\t\t\t\t\t<\/div>","protected":false},"excerpt":{"rendered":"<p>NACO \u2013 Passenger &#038; Terminal Genom v\u00e5rt internationella kontaktn\u00e4t levererade vi Naco monter p\u00e5 Passanger &amp; Terminal. F\u00f6r att kunden skulle f\u00e5 stor synlighet \u00e4ven p\u00e5 l\u00e5ngt h\u00e5ll valde vi att arbeta \u00e4ven p\u00e5 h\u00f6jden. En exponering som syntes p\u00e5 l\u00e5ngt h\u00e5ll i m\u00e4sshallen.<\/p>","protected":false},"author":1,"featured_media":0,"parent":0,"menu_order":0,"comment_status":"closed","ping_status":"closed","template":"","meta":{"_seopress_robots_primary_cat":"","footnotes":""},"Pagecategories":[],"class_list":["post-295","page","type-page","status-publish","hentry"],"_links":{"self":[{"href":"https:\/\/strongexpo.com\/en\/wp-json\/wp\/v2\/pages\/295","targetHints":{"allow":["GET"]}}],"collection":[{"href":"https:\/\/strongexpo.com\/en\/wp-json\/wp\/v2\/pages"}],"about":[{"href":"https:\/\/strongexpo.com\/en\/wp-json\/wp\/v2\/types\/page"}],"author":[{"embeddable":true,"href":"https:\/\/strongexpo.com\/en\/wp-json\/wp\/v2\/users\/1"}],"replies":[{"embeddable":true,"href":"https:\/\/strongexpo.com\/en\/wp-json\/wp\/v2\/comments?post=295"}],"version-history":[{"count":5,"href":"https:\/\/strongexpo.com\/en\/wp-json\/wp\/v2\/pages\/295\/revisions"}],"predecessor-version":[{"id":1029,"href":"https:\/\/strongexpo.com\/en\/wp-json\/wp\/v2\/pages\/295\/revisions\/1029"}],"wp:attachment":[{"href":"https:\/\/strongexpo.com\/en\/wp-json\/wp\/v2\/media?parent=295"}],"wp:term":[{"taxonomy":"Pagecategories","embeddable":true,"href":"https:\/\/strongexpo.com\/en\/wp-json\/wp\/v2\/Pagecategories?post=295"}],"curies":[{"name":"wp","href":"https:\/\/api.w.org\/{rel}","templated":true}]}}