{"id":283,"date":"2021-06-03T14:40:41","date_gmt":"2021-06-03T12:40:41","guid":{"rendered":"https:\/\/strongexpo.com\/?page_id=283"},"modified":"2021-06-30T09:18:14","modified_gmt":"2021-06-30T07:18:14","slug":"step","status":"publish","type":"page","link":"https:\/\/strongexpo.com\/en\/step\/","title":{"rendered":"STEP"},"content":{"rendered":"<div data-elementor-type=\"wp-page\" data-elementor-id=\"283\" class=\"elementor elementor-283\" data-elementor-post-type=\"page\">\n\t\t\t\t\t\t\t\t\t<section data-particle_enable=\"false\" data-particle-mobile-disabled=\"false\" class=\"elementor-section elementor-top-section elementor-element elementor-element-9c4dfd2 elementor-section-height-min-height elementor-section-items-stretch elementor-section-boxed elementor-section-height-default\" data-id=\"9c4dfd2\" data-element_type=\"section\">\n\t\t\t\t\t\t<div class=\"elementor-container elementor-column-gap-default\">\n\t\t\t\t\t<div class=\"elementor-column elementor-col-50 elementor-top-column elementor-element elementor-element-8b46a22\" data-id=\"8b46a22\" data-element_type=\"column\" data-settings=\"{&quot;background_background&quot;:&quot;classic&quot;}\">\n\t\t\t<div class=\"elementor-widget-wrap elementor-element-populated\">\n\t\t\t\t\t<div class=\"elementor-background-overlay\"><\/div>\n\t\t\t\t\t\t\t\t<div class=\"elementor-element elementor-element-f77881f elementor-widget elementor-widget-image\" data-id=\"f77881f\" data-element_type=\"widget\" data-widget_type=\"image.default\">\n\t\t\t\t<div class=\"elementor-widget-container\">\n\t\t\t\t\t\t\t\t\t\t\t\t\t\t\t<img decoding=\"async\" width=\"800\" height=\"529\" src=\"https:\/\/strongexpo.com\/wp-content\/uploads\/2021\/05\/STEP-Planritning-e1621509450164-1024x677.jpg\" class=\"attachment-large size-large wp-image-43\" alt=\"\" srcset=\"https:\/\/strongexpo.com\/wp-content\/uploads\/2021\/05\/STEP-Planritning-e1621509450164-1024x677.jpg 1024w, https:\/\/strongexpo.com\/wp-content\/uploads\/2021\/05\/STEP-Planritning-e1621509450164-300x198.jpg 300w, https:\/\/strongexpo.com\/wp-content\/uploads\/2021\/05\/STEP-Planritning-e1621509450164-768x508.jpg 768w, https:\/\/strongexpo.com\/wp-content\/uploads\/2021\/05\/STEP-Planritning-e1621509450164-1536x1016.jpg 1536w, https:\/\/strongexpo.com\/wp-content\/uploads\/2021\/05\/STEP-Planritning-e1621509450164-2048x1355.jpg 2048w\" sizes=\"(max-width: 800px) 100vw, 800px\" \/>\t\t\t\t\t\t\t\t\t\t\t\t\t\t\t<\/div>\n\t\t\t\t<\/div>\n\t\t\t\t\t<\/div>\n\t\t<\/div>\n\t\t\t\t<div class=\"elementor-column elementor-col-50 elementor-top-column elementor-element elementor-element-b635fc9\" data-id=\"b635fc9\" data-element_type=\"column\">\n\t\t\t<div class=\"elementor-widget-wrap elementor-element-populated\">\n\t\t\t\t\t\t\t\t<div class=\"elementor-element elementor-element-25e93b4 elementor-widget elementor-widget-image\" data-id=\"25e93b4\" data-element_type=\"widget\" data-widget_type=\"image.default\">\n\t\t\t\t<div class=\"elementor-widget-container\">\n\t\t\t\t\t\t\t\t\t\t\t\t\t\t\t<img decoding=\"async\" width=\"800\" height=\"600\" src=\"https:\/\/strongexpo.com\/wp-content\/uploads\/2021\/05\/STEP-1-Main-1024x768.jpg\" class=\"attachment-large size-large wp-image-49\" alt=\"\" srcset=\"https:\/\/strongexpo.com\/wp-content\/uploads\/2021\/05\/STEP-1-Main-1024x768.jpg 1024w, https:\/\/strongexpo.com\/wp-content\/uploads\/2021\/05\/STEP-1-Main-300x225.jpg 300w, https:\/\/strongexpo.com\/wp-content\/uploads\/2021\/05\/STEP-1-Main-768x576.jpg 768w, https:\/\/strongexpo.com\/wp-content\/uploads\/2021\/05\/STEP-1-Main-1536x1152.jpg 1536w, https:\/\/strongexpo.com\/wp-content\/uploads\/2021\/05\/STEP-1-Main.jpg 1890w\" sizes=\"(max-width: 800px) 100vw, 800px\" \/>\t\t\t\t\t\t\t\t\t\t\t\t\t\t\t<\/div>\n\t\t\t\t<\/div>\n\t\t\t\t\t<\/div>\n\t\t<\/div>\n\t\t\t\t\t\t\t<\/div>\n\t\t<\/section>\n\t\t\t\t<section data-particle_enable=\"false\" data-particle-mobile-disabled=\"false\" class=\"elementor-section elementor-top-section elementor-element elementor-element-42a9018 elementor-section-boxed elementor-section-height-default elementor-section-height-default\" data-id=\"42a9018\" data-element_type=\"section\">\n\t\t\t\t\t\t<div class=\"elementor-container elementor-column-gap-default\">\n\t\t\t\t\t<div class=\"elementor-column elementor-col-25 elementor-top-column elementor-element elementor-element-c7b529e\" data-id=\"c7b529e\" data-element_type=\"column\">\n\t\t\t<div class=\"elementor-widget-wrap elementor-element-populated\">\n\t\t\t\t\t\t\t\t<div class=\"elementor-element elementor-element-45fd12c elementor-widget elementor-widget-image\" data-id=\"45fd12c\" data-element_type=\"widget\" data-widget_type=\"image.default\">\n\t\t\t\t<div class=\"elementor-widget-container\">\n\t\t\t\t\t\t\t\t\t\t\t\t\t\t\t<img decoding=\"async\" width=\"800\" height=\"533\" src=\"https:\/\/strongexpo.com\/wp-content\/uploads\/2021\/05\/STEP-4-3D-e1624905783951-1024x682.jpg\" class=\"attachment-large size-large wp-image-41\" alt=\"\" srcset=\"https:\/\/strongexpo.com\/wp-content\/uploads\/2021\/05\/STEP-4-3D-e1624905783951-1024x682.jpg 1024w, https:\/\/strongexpo.com\/wp-content\/uploads\/2021\/05\/STEP-4-3D-e1624905783951-300x200.jpg 300w, https:\/\/strongexpo.com\/wp-content\/uploads\/2021\/05\/STEP-4-3D-e1624905783951-768x511.jpg 768w, https:\/\/strongexpo.com\/wp-content\/uploads\/2021\/05\/STEP-4-3D-e1624905783951-1536x1022.jpg 1536w, https:\/\/strongexpo.com\/wp-content\/uploads\/2021\/05\/STEP-4-3D-e1624905783951.jpg 1962w\" sizes=\"(max-width: 800px) 100vw, 800px\" \/>\t\t\t\t\t\t\t\t\t\t\t\t\t\t\t<\/div>\n\t\t\t\t<\/div>\n\t\t\t\t\t<\/div>\n\t\t<\/div>\n\t\t\t\t<div class=\"elementor-column elementor-col-25 elementor-top-column elementor-element elementor-element-3b40530\" data-id=\"3b40530\" data-element_type=\"column\">\n\t\t\t<div class=\"elementor-widget-wrap elementor-element-populated\">\n\t\t\t\t\t\t\t\t<div class=\"elementor-element elementor-element-4746f41 elementor-widget elementor-widget-image\" data-id=\"4746f41\" data-element_type=\"widget\" data-widget_type=\"image.default\">\n\t\t\t\t<div class=\"elementor-widget-container\">\n\t\t\t\t\t\t\t\t\t\t\t\t\t\t\t<img decoding=\"async\" width=\"800\" height=\"534\" src=\"https:\/\/strongexpo.com\/wp-content\/uploads\/2021\/05\/STEP-5-3D-e1624905825759-1024x684.jpg\" class=\"attachment-large size-large wp-image-50\" alt=\"\" srcset=\"https:\/\/strongexpo.com\/wp-content\/uploads\/2021\/05\/STEP-5-3D-e1624905825759-1024x684.jpg 1024w, https:\/\/strongexpo.com\/wp-content\/uploads\/2021\/05\/STEP-5-3D-e1624905825759-300x200.jpg 300w, https:\/\/strongexpo.com\/wp-content\/uploads\/2021\/05\/STEP-5-3D-e1624905825759-768x513.jpg 768w, https:\/\/strongexpo.com\/wp-content\/uploads\/2021\/05\/STEP-5-3D-e1624905825759-1536x1026.jpg 1536w, https:\/\/strongexpo.com\/wp-content\/uploads\/2021\/05\/STEP-5-3D-e1624905825759.jpg 1918w\" sizes=\"(max-width: 800px) 100vw, 800px\" \/>\t\t\t\t\t\t\t\t\t\t\t\t\t\t\t<\/div>\n\t\t\t\t<\/div>\n\t\t\t\t\t<\/div>\n\t\t<\/div>\n\t\t\t\t<div class=\"elementor-column elementor-col-25 elementor-top-column elementor-element elementor-element-c67a6f1\" data-id=\"c67a6f1\" data-element_type=\"column\">\n\t\t\t<div class=\"elementor-widget-wrap elementor-element-populated\">\n\t\t\t\t\t\t\t\t<div class=\"elementor-element elementor-element-2973819 elementor-widget elementor-widget-image\" data-id=\"2973819\" data-element_type=\"widget\" data-widget_type=\"image.default\">\n\t\t\t\t<div class=\"elementor-widget-container\">\n\t\t\t\t\t\t\t\t\t\t\t\t\t\t\t<img decoding=\"async\" width=\"800\" height=\"534\" src=\"https:\/\/strongexpo.com\/wp-content\/uploads\/2021\/05\/STEP-3-e1624905867570-1024x683.jpg\" class=\"attachment-large size-large wp-image-40\" alt=\"\" srcset=\"https:\/\/strongexpo.com\/wp-content\/uploads\/2021\/05\/STEP-3-e1624905867570-1024x683.jpg 1024w, https:\/\/strongexpo.com\/wp-content\/uploads\/2021\/05\/STEP-3-e1624905867570-300x200.jpg 300w, https:\/\/strongexpo.com\/wp-content\/uploads\/2021\/05\/STEP-3-e1624905867570-768x512.jpg 768w, https:\/\/strongexpo.com\/wp-content\/uploads\/2021\/05\/STEP-3-e1624905867570.jpg 1224w\" sizes=\"(max-width: 800px) 100vw, 800px\" \/>\t\t\t\t\t\t\t\t\t\t\t\t\t\t\t<\/div>\n\t\t\t\t<\/div>\n\t\t\t\t\t<\/div>\n\t\t<\/div>\n\t\t\t\t<div class=\"elementor-column elementor-col-25 elementor-top-column elementor-element elementor-element-31cef55\" data-id=\"31cef55\" data-element_type=\"column\">\n\t\t\t<div class=\"elementor-widget-wrap elementor-element-populated\">\n\t\t\t\t\t\t\t\t<div class=\"elementor-element elementor-element-e1e8ad3 elementor-widget elementor-widget-image\" data-id=\"e1e8ad3\" data-element_type=\"widget\" data-widget_type=\"image.default\">\n\t\t\t\t<div class=\"elementor-widget-container\">\n\t\t\t\t\t\t\t\t\t\t\t\t\t\t\t<img decoding=\"async\" width=\"800\" height=\"533\" src=\"https:\/\/strongexpo.com\/wp-content\/uploads\/2021\/05\/STEP-2-e1624905901767-1024x682.jpg\" class=\"attachment-large size-large wp-image-38\" alt=\"\" srcset=\"https:\/\/strongexpo.com\/wp-content\/uploads\/2021\/05\/STEP-2-e1624905901767-1024x682.jpg 1024w, https:\/\/strongexpo.com\/wp-content\/uploads\/2021\/05\/STEP-2-e1624905901767-300x200.jpg 300w, https:\/\/strongexpo.com\/wp-content\/uploads\/2021\/05\/STEP-2-e1624905901767-768x511.jpg 768w, https:\/\/strongexpo.com\/wp-content\/uploads\/2021\/05\/STEP-2-e1624905901767-1536x1023.jpg 1536w, https:\/\/strongexpo.com\/wp-content\/uploads\/2021\/05\/STEP-2-e1624905901767.jpg 1562w\" sizes=\"(max-width: 800px) 100vw, 800px\" \/>\t\t\t\t\t\t\t\t\t\t\t\t\t\t\t<\/div>\n\t\t\t\t<\/div>\n\t\t\t\t\t<\/div>\n\t\t<\/div>\n\t\t\t\t\t\t\t<\/div>\n\t\t<\/section>\n\t\t\t\t<section data-particle_enable=\"false\" data-particle-mobile-disabled=\"false\" class=\"elementor-section elementor-top-section elementor-element elementor-element-3fd72da elementor-section-boxed elementor-section-height-default elementor-section-height-default\" data-id=\"3fd72da\" data-element_type=\"section\">\n\t\t\t\t\t\t<div class=\"elementor-container elementor-column-gap-default\">\n\t\t\t\t\t<div class=\"elementor-column elementor-col-100 elementor-top-column elementor-element elementor-element-00b45a9\" data-id=\"00b45a9\" data-element_type=\"column\">\n\t\t\t<div class=\"elementor-widget-wrap elementor-element-populated\">\n\t\t\t\t\t\t\t\t<div class=\"elementor-element elementor-element-1e9a53d elementor-widget elementor-widget-heading\" data-id=\"1e9a53d\" data-element_type=\"widget\" data-widget_type=\"heading.default\">\n\t\t\t\t<div class=\"elementor-widget-container\">\n\t\t\t<h2 class=\"elementor-heading-title elementor-size-default\">STEP \u2013 Skyddsm\u00e4ssan, Stockholm<\/h2>\t\t<\/div>\n\t\t\t\t<\/div>\n\t\t\t\t<div class=\"elementor-element elementor-element-ee59c00 elementor-widget elementor-widget-text-editor\" data-id=\"ee59c00\" data-element_type=\"widget\" data-widget_type=\"text-editor.default\">\n\t\t\t\t<div class=\"elementor-widget-container\">\n\t\t\t\t\t\t\t<p><span style=\"font-weight: 400;\">On 110 sqm, we designed and built this eye-catching stand for STEP. Step lock, which is the market leader in electric locking, had a novelty to release to market and press. Mount the front legs of the frame became the place where we exposed the news. In combination with developed unique carpentry solutions for product display, the entire launch was a success.<\/span><\/p>\t\t\t\t\t\t<\/div>\n\t\t\t\t<\/div>\n\t\t\t\t\t<\/div>\n\t\t<\/div>\n\t\t\t\t\t\t\t<\/div>\n\t\t<\/section>\n\t\t\t\t\t\t\t<\/div>","protected":false},"excerpt":{"rendered":"<p>STEP \u2013 Skyddsm\u00e4ssan, Stockholm P\u00e5 110 kvm designade och byggde vi denna i\u00f6gonfallande monter till STEP. Step lock, som \u00e4r marknadsledande inom elektrisk l\u00e5sning, hade en nyhet att sl\u00e4ppa till marknad och press. Monter stommens fr\u00e4mre ben blev platsen d\u00e4r vi exponerade nyheten. I kombination med framtagna kundunika snickeril\u00f6sningar f\u00f6r produktexponering, blev hela lanseringen en [&hellip;]<\/p>","protected":false},"author":1,"featured_media":0,"parent":0,"menu_order":0,"comment_status":"closed","ping_status":"closed","template":"","meta":{"_seopress_robots_primary_cat":"","footnotes":""},"Pagecategories":[],"class_list":["post-283","page","type-page","status-publish","hentry"],"_links":{"self":[{"href":"https:\/\/strongexpo.com\/en\/wp-json\/wp\/v2\/pages\/283","targetHints":{"allow":["GET"]}}],"collection":[{"href":"https:\/\/strongexpo.com\/en\/wp-json\/wp\/v2\/pages"}],"about":[{"href":"https:\/\/strongexpo.com\/en\/wp-json\/wp\/v2\/types\/page"}],"author":[{"embeddable":true,"href":"https:\/\/strongexpo.com\/en\/wp-json\/wp\/v2\/users\/1"}],"replies":[{"embeddable":true,"href":"https:\/\/strongexpo.com\/en\/wp-json\/wp\/v2\/comments?post=283"}],"version-history":[{"count":5,"href":"https:\/\/strongexpo.com\/en\/wp-json\/wp\/v2\/pages\/283\/revisions"}],"predecessor-version":[{"id":998,"href":"https:\/\/strongexpo.com\/en\/wp-json\/wp\/v2\/pages\/283\/revisions\/998"}],"wp:attachment":[{"href":"https:\/\/strongexpo.com\/en\/wp-json\/wp\/v2\/media?parent=283"}],"wp:term":[{"taxonomy":"Pagecategories","embeddable":true,"href":"https:\/\/strongexpo.com\/en\/wp-json\/wp\/v2\/Pagecategories?post=283"}],"curies":[{"name":"wp","href":"https:\/\/api.w.org\/{rel}","templated":true}]}}