{"id":1115,"date":"2022-04-28T13:45:36","date_gmt":"2022-04-28T11:45:36","guid":{"rendered":"https:\/\/strongexpo.com\/?page_id=1115"},"modified":"2022-04-28T13:50:06","modified_gmt":"2022-04-28T11:50:06","slug":"scanbox-4","status":"publish","type":"page","link":"https:\/\/strongexpo.com\/en\/scanbox-4\/","title":{"rendered":"Scanbox"},"content":{"rendered":"<div data-elementor-type=\"wp-page\" data-elementor-id=\"1115\" class=\"elementor elementor-1115\" data-elementor-post-type=\"page\">\n\t\t\t\t\t\t\t\t\t<section data-particle_enable=\"false\" data-particle-mobile-disabled=\"false\" class=\"elementor-section elementor-top-section elementor-element elementor-element-9c4dfd2 elementor-section-height-min-height elementor-section-items-stretch elementor-section-boxed elementor-section-height-default\" data-id=\"9c4dfd2\" data-element_type=\"section\">\n\t\t\t\t\t\t<div class=\"elementor-container elementor-column-gap-default\">\n\t\t\t\t\t<div class=\"elementor-column elementor-col-50 elementor-top-column elementor-element elementor-element-8b46a22\" data-id=\"8b46a22\" data-element_type=\"column\" data-settings=\"{&quot;background_background&quot;:&quot;classic&quot;}\">\n\t\t\t<div class=\"elementor-widget-wrap elementor-element-populated\">\n\t\t\t\t\t<div class=\"elementor-background-overlay\"><\/div>\n\t\t\t\t\t\t\t\t<div class=\"elementor-element elementor-element-f77881f e-transform elementor-widget elementor-widget-image\" data-id=\"f77881f\" data-element_type=\"widget\" data-settings=\"{&quot;_transform_rotateZ_effect&quot;:{&quot;unit&quot;:&quot;px&quot;,&quot;size&quot;:0,&quot;sizes&quot;:[]},&quot;_transform_rotateZ_effect_tablet&quot;:{&quot;unit&quot;:&quot;deg&quot;,&quot;size&quot;:&quot;&quot;,&quot;sizes&quot;:[]},&quot;_transform_rotateZ_effect_mobile&quot;:{&quot;unit&quot;:&quot;deg&quot;,&quot;size&quot;:&quot;&quot;,&quot;sizes&quot;:[]}}\" data-widget_type=\"image.default\">\n\t\t\t\t<div class=\"elementor-widget-container\">\n\t\t\t\t\t\t\t\t\t\t\t\t\t\t\t<img decoding=\"async\" width=\"800\" height=\"566\" src=\"https:\/\/strongexpo.com\/wp-content\/uploads\/2022\/04\/0001-1-1024x724.jpg\" class=\"attachment-large size-large wp-image-1116\" alt=\"\" srcset=\"https:\/\/strongexpo.com\/wp-content\/uploads\/2022\/04\/0001-1-1024x724.jpg 1024w, https:\/\/strongexpo.com\/wp-content\/uploads\/2022\/04\/0001-1-300x212.jpg 300w, https:\/\/strongexpo.com\/wp-content\/uploads\/2022\/04\/0001-1-768x543.jpg 768w, https:\/\/strongexpo.com\/wp-content\/uploads\/2022\/04\/0001-1-1536x1086.jpg 1536w, https:\/\/strongexpo.com\/wp-content\/uploads\/2022\/04\/0001-1-2048x1448.jpg 2048w, https:\/\/strongexpo.com\/wp-content\/uploads\/2022\/04\/0001-1-18x12.jpg 18w\" sizes=\"(max-width: 800px) 100vw, 800px\" \/>\t\t\t\t\t\t\t\t\t\t\t\t\t\t\t<\/div>\n\t\t\t\t<\/div>\n\t\t\t\t\t<\/div>\n\t\t<\/div>\n\t\t\t\t<div class=\"elementor-column elementor-col-50 elementor-top-column elementor-element elementor-element-b635fc9\" data-id=\"b635fc9\" data-element_type=\"column\">\n\t\t\t<div class=\"elementor-widget-wrap elementor-element-populated\">\n\t\t\t\t\t\t\t\t<div class=\"elementor-element elementor-element-25e93b4 elementor-widget elementor-widget-image\" data-id=\"25e93b4\" data-element_type=\"widget\" data-widget_type=\"image.default\">\n\t\t\t\t<div class=\"elementor-widget-container\">\n\t\t\t\t\t\t\t\t\t\t\t\t\t\t\t<img decoding=\"async\" width=\"800\" height=\"600\" src=\"https:\/\/strongexpo.com\/wp-content\/uploads\/2022\/04\/ScanBox-Bild-1-Huvudbild-1024x768.jpeg\" class=\"attachment-large size-large wp-image-1117\" alt=\"\" srcset=\"https:\/\/strongexpo.com\/wp-content\/uploads\/2022\/04\/ScanBox-Bild-1-Huvudbild-1024x768.jpeg 1024w, https:\/\/strongexpo.com\/wp-content\/uploads\/2022\/04\/ScanBox-Bild-1-Huvudbild-300x225.jpeg 300w, https:\/\/strongexpo.com\/wp-content\/uploads\/2022\/04\/ScanBox-Bild-1-Huvudbild-768x576.jpeg 768w, https:\/\/strongexpo.com\/wp-content\/uploads\/2022\/04\/ScanBox-Bild-1-Huvudbild-1536x1152.jpeg 1536w, https:\/\/strongexpo.com\/wp-content\/uploads\/2022\/04\/ScanBox-Bild-1-Huvudbild-2048x1536.jpeg 2048w, https:\/\/strongexpo.com\/wp-content\/uploads\/2022\/04\/ScanBox-Bild-1-Huvudbild-16x12.jpeg 16w\" sizes=\"(max-width: 800px) 100vw, 800px\" \/>\t\t\t\t\t\t\t\t\t\t\t\t\t\t\t<\/div>\n\t\t\t\t<\/div>\n\t\t\t\t\t<\/div>\n\t\t<\/div>\n\t\t\t\t\t\t\t<\/div>\n\t\t<\/section>\n\t\t\t\t<section data-particle_enable=\"false\" data-particle-mobile-disabled=\"false\" class=\"elementor-section elementor-top-section elementor-element elementor-element-42a9018 elementor-section-boxed elementor-section-height-default elementor-section-height-default\" data-id=\"42a9018\" data-element_type=\"section\">\n\t\t\t\t\t\t<div class=\"elementor-container elementor-column-gap-default\">\n\t\t\t\t\t<div class=\"elementor-column elementor-col-100 elementor-top-column elementor-element elementor-element-c7b529e\" data-id=\"c7b529e\" data-element_type=\"column\">\n\t\t\t<div class=\"elementor-widget-wrap elementor-element-populated\">\n\t\t\t\t\t\t\t\t<div class=\"elementor-element elementor-element-ca9fd13 elementor-widget elementor-widget-gallery\" data-id=\"ca9fd13\" data-element_type=\"widget\" data-settings=\"{&quot;columns&quot;:3,&quot;lazyload&quot;:&quot;yes&quot;,&quot;gallery_layout&quot;:&quot;grid&quot;,&quot;columns_tablet&quot;:2,&quot;columns_mobile&quot;:1,&quot;gap&quot;:{&quot;unit&quot;:&quot;px&quot;,&quot;size&quot;:10,&quot;sizes&quot;:[]},&quot;gap_tablet&quot;:{&quot;unit&quot;:&quot;px&quot;,&quot;size&quot;:10,&quot;sizes&quot;:[]},&quot;gap_mobile&quot;:{&quot;unit&quot;:&quot;px&quot;,&quot;size&quot;:10,&quot;sizes&quot;:[]},&quot;link_to&quot;:&quot;file&quot;,&quot;aspect_ratio&quot;:&quot;3:2&quot;,&quot;overlay_background&quot;:&quot;yes&quot;,&quot;content_hover_animation&quot;:&quot;fade-in&quot;}\" data-widget_type=\"gallery.default\">\n\t\t\t\t<div class=\"elementor-widget-container\">\n\t\t\t\t\t<div class=\"elementor-gallery__container\">\n\t\t\t\t\t\t\t<a class=\"e-gallery-item elementor-gallery-item elementor-animated-content\" href=\"https:\/\/strongexpo.com\/wp-content\/uploads\/2022\/04\/ScanBox-Bild-3-scaled.jpeg\" data-elementor-open-lightbox=\"yes\" data-elementor-lightbox-slideshow=\"ca9fd13\" data-elementor-lightbox-title=\"ScanBox Bild 3\" data-e-action-hash=\"#elementor-action%3Aaction%3Dlightbox%26settings%3DeyJpZCI6MTExOCwidXJsIjoiaHR0cHM6XC9cL3N0cm9uZ2V4cG8uY29tXC93cC1jb250ZW50XC91cGxvYWRzXC8yMDIyXC8wNFwvU2NhbkJveC1CaWxkLTMtc2NhbGVkLmpwZWciLCJzbGlkZXNob3ciOiJjYTlmZDEzIn0%3D\">\n\t\t\t\t\t<div class=\"e-gallery-image elementor-gallery-item__image\" data-thumbnail=\"https:\/\/strongexpo.com\/wp-content\/uploads\/2022\/04\/ScanBox-Bild-3-1024x768.jpeg\" data-width=\"800\" data-height=\"600\" aria-label=\"\" role=\"img\" ><\/div>\n\t\t\t\t\t\t\t\t\t\t\t<div class=\"elementor-gallery-item__overlay\"><\/div>\n\t\t\t\t\t\t\t\t\t\t\t\t\t\t<\/a>\n\t\t\t\t\t\t\t<a class=\"e-gallery-item elementor-gallery-item elementor-animated-content\" href=\"https:\/\/strongexpo.com\/wp-content\/uploads\/2022\/04\/ScanBox-Bild-5-scaled.jpeg\" data-elementor-open-lightbox=\"yes\" data-elementor-lightbox-slideshow=\"ca9fd13\" data-elementor-lightbox-title=\"ScanBox Bild 5\" data-e-action-hash=\"#elementor-action%3Aaction%3Dlightbox%26settings%3DeyJpZCI6MTEyMCwidXJsIjoiaHR0cHM6XC9cL3N0cm9uZ2V4cG8uY29tXC93cC1jb250ZW50XC91cGxvYWRzXC8yMDIyXC8wNFwvU2NhbkJveC1CaWxkLTUtc2NhbGVkLmpwZWciLCJzbGlkZXNob3ciOiJjYTlmZDEzIn0%3D\">\n\t\t\t\t\t<div class=\"e-gallery-image elementor-gallery-item__image\" data-thumbnail=\"https:\/\/strongexpo.com\/wp-content\/uploads\/2022\/04\/ScanBox-Bild-5-768x1024.jpeg\" data-width=\"768\" data-height=\"1024\" aria-label=\"\" role=\"img\" ><\/div>\n\t\t\t\t\t\t\t\t\t\t\t<div class=\"elementor-gallery-item__overlay\"><\/div>\n\t\t\t\t\t\t\t\t\t\t\t\t\t\t<\/a>\n\t\t\t\t\t\t\t<a class=\"e-gallery-item elementor-gallery-item elementor-animated-content\" href=\"https:\/\/strongexpo.com\/wp-content\/uploads\/2022\/04\/ScanBox-Bild-4-scaled.jpeg\" data-elementor-open-lightbox=\"yes\" data-elementor-lightbox-slideshow=\"ca9fd13\" data-elementor-lightbox-title=\"ScanBox Bild 4\" data-e-action-hash=\"#elementor-action%3Aaction%3Dlightbox%26settings%3DeyJpZCI6MTExOSwidXJsIjoiaHR0cHM6XC9cL3N0cm9uZ2V4cG8uY29tXC93cC1jb250ZW50XC91cGxvYWRzXC8yMDIyXC8wNFwvU2NhbkJveC1CaWxkLTQtc2NhbGVkLmpwZWciLCJzbGlkZXNob3ciOiJjYTlmZDEzIn0%3D\">\n\t\t\t\t\t<div class=\"e-gallery-image elementor-gallery-item__image\" data-thumbnail=\"https:\/\/strongexpo.com\/wp-content\/uploads\/2022\/04\/ScanBox-Bild-4-1024x768.jpeg\" data-width=\"800\" data-height=\"600\" aria-label=\"\" role=\"img\" ><\/div>\n\t\t\t\t\t\t\t\t\t\t\t<div class=\"elementor-gallery-item__overlay\"><\/div>\n\t\t\t\t\t\t\t\t\t\t\t\t\t\t<\/a>\n\t\t\t\t\t<\/div>\n\t\t\t<\/div>\n\t\t\t\t<\/div>\n\t\t\t\t\t<\/div>\n\t\t<\/div>\n\t\t\t\t\t\t\t<\/div>\n\t\t<\/section>\n\t\t\t\t<section data-particle_enable=\"false\" data-particle-mobile-disabled=\"false\" class=\"elementor-section elementor-top-section elementor-element elementor-element-3fd72da elementor-section-boxed elementor-section-height-default elementor-section-height-default\" data-id=\"3fd72da\" data-element_type=\"section\">\n\t\t\t\t\t\t<div class=\"elementor-container elementor-column-gap-default\">\n\t\t\t\t\t<div class=\"elementor-column elementor-col-100 elementor-top-column elementor-element elementor-element-00b45a9\" data-id=\"00b45a9\" data-element_type=\"column\">\n\t\t\t<div class=\"elementor-widget-wrap elementor-element-populated\">\n\t\t\t\t\t\t\t\t<div class=\"elementor-element elementor-element-1e9a53d elementor-widget elementor-widget-heading\" data-id=\"1e9a53d\" data-element_type=\"widget\" data-widget_type=\"heading.default\">\n\t\t\t\t<div class=\"elementor-widget-container\">\n\t\t\t<h2 class=\"elementor-heading-title elementor-size-default\">ScanBox - Gastronord, Stockholm<\/h2>\t\t<\/div>\n\t\t\t\t<\/div>\n\t\t\t\t<div class=\"elementor-element elementor-element-ee59c00 elementor-widget elementor-widget-text-editor\" data-id=\"ee59c00\" data-element_type=\"widget\" data-widget_type=\"text-editor.default\">\n\t\t\t\t<div class=\"elementor-widget-container\">\n\t\t\t\t\t\t\t<p>ScanBox is a professional Swedish manufacturer of thermal products for holding and transporting hot and cold food. A customer that we regularly help when it's time for trade fairs. And as we at Gastronord also helped, when it was time for them to meet the entire HoReCa industry. A stand and participation that resulted in more good business for the customer.<\/p>\t\t\t\t\t\t<\/div>\n\t\t\t\t<\/div>\n\t\t\t\t\t<\/div>\n\t\t<\/div>\n\t\t\t\t\t\t\t<\/div>\n\t\t<\/section>\n\t\t\t\t\t\t\t<\/div>","protected":false},"excerpt":{"rendered":"<p>ScanBox &#8211; Gastronord, Stockholm ScanBox \u00e4r en professionell svensk tillverkare av termoprodukter f\u00f6r att h\u00e5lla samt transportera varm och kall mat. En kund som vi \u00e5terkommande hj\u00e4lper n\u00e4r det \u00e4r dags f\u00f6r m\u00e4ssor. Och som vi \u00e4ven p\u00e5 Gastronord hj\u00e4lpte, n\u00e4r det var dags f\u00f6r dom att m\u00f6ta hela HoReCa branschen. En monter och deltagande [&hellip;]<\/p>","protected":false},"author":1,"featured_media":0,"parent":0,"menu_order":0,"comment_status":"closed","ping_status":"closed","template":"","meta":{"_seopress_robots_primary_cat":"","footnotes":""},"Pagecategories":[],"class_list":["post-1115","page","type-page","status-publish","hentry"],"_links":{"self":[{"href":"https:\/\/strongexpo.com\/en\/wp-json\/wp\/v2\/pages\/1115","targetHints":{"allow":["GET"]}}],"collection":[{"href":"https:\/\/strongexpo.com\/en\/wp-json\/wp\/v2\/pages"}],"about":[{"href":"https:\/\/strongexpo.com\/en\/wp-json\/wp\/v2\/types\/page"}],"author":[{"embeddable":true,"href":"https:\/\/strongexpo.com\/en\/wp-json\/wp\/v2\/users\/1"}],"replies":[{"embeddable":true,"href":"https:\/\/strongexpo.com\/en\/wp-json\/wp\/v2\/comments?post=1115"}],"version-history":[{"count":3,"href":"https:\/\/strongexpo.com\/en\/wp-json\/wp\/v2\/pages\/1115\/revisions"}],"predecessor-version":[{"id":1123,"href":"https:\/\/strongexpo.com\/en\/wp-json\/wp\/v2\/pages\/1115\/revisions\/1123"}],"wp:attachment":[{"href":"https:\/\/strongexpo.com\/en\/wp-json\/wp\/v2\/media?parent=1115"}],"wp:term":[{"taxonomy":"Pagecategories","embeddable":true,"href":"https:\/\/strongexpo.com\/en\/wp-json\/wp\/v2\/Pagecategories?post=1115"}],"curies":[{"name":"wp","href":"https:\/\/api.w.org\/{rel}","templated":true}]}}